{"id":1077,"date":"2014-11-25T06:32:02","date_gmt":"2014-11-25T06:32:02","guid":{"rendered":"http:\/\/parosrentcar.com\/el\/?page_id=1077"},"modified":"2015-02-28T05:31:21","modified_gmt":"2015-02-28T05:31:21","slug":"krios","status":"publish","type":"page","link":"https:\/\/parosrentcar.com\/de\/paros-strande\/krios\/","title":{"rendered":"Krios"},"content":{"rendered":"<p>Der herrliche Strand <strong>Krios<\/strong> ist 2km n\u00f6rdlich vom Paros Hauptort. Krios und Martselo sind Teil einen gemeinsamen Strand und erstrecken \u00a0sich bis zur n\u00f6rdlichen Seite der Bucht von Parikia und dem Kap\u00a0 Agios Fokas .Dieser Sandstrand hat ein klares ganz blaues Meer und ist von starken Winden gesch\u00fctzt.<\/p>\n<p>Von Krios aus haben Sie einen <strong>herrlichen Blick auf Parikia<\/strong> und \u00a0auf die andere Umgebung. Der Strand\u00a0 ist organisiert und verf\u00fcgt \u00fcber Liegenst\u00fchlen und Sonnenschirmen. Ebenfalls k\u00f6nnen Sie eine Taverne direkt am \u00a0Strand besuchen, wo Sie au\u00dfer Essen, auch Ihren Kaffee oder Ihr Getr\u00e4nk genie\u00dfen k\u00f6nnen.<\/p>\n<p>Den Strand k\u00f6nnen Sie leicht mit Taxi, Auto oder Motorrad erreichen. Au\u00dferdem gibt es <strong>Ausflugsboote<\/strong>, die von Parikia t\u00e4glich abfahren und in Krios anhalten. Nicht weit\u00a0 entfernt von Krios k\u00f6nnen Sie auch andere Unterk\u00fcnfte und Hotels finden.<\/p>\n<p>Source: <a title=\"Krios Beach\" href=\"http:\/\/paroseasybooking.gr\/dt_portfolio\/krios-beach\/\" target=\"_blank\">ParosEasyBooking.gr &#8211; Krios Beach<\/a><\/p>\n","protected":false},"excerpt":{"rendered":"<p>Der herrliche Strand Krios ist 2km n\u00f6rdlich vom Paros Hauptort. Krios und Martselo sind Teil einen gemeinsamen Strand und erstrecken \u00a0sich bis zur n\u00f6rdlichen Seite der Bucht von Parikia und dem Kap\u00a0 Agios Fokas .Dieser Sandstrand hat ein klares ganz blaues Meer und ist von starken Winden gesch\u00fctzt. Von Krios aus haben Sie einen herrlichen Blick auf Parikia und \u00a0auf die andere Umgebung. Der Strand\u00a0 ist organisiert und verf\u00fcgt \u00fcber Liegenst\u00fchlen und Sonnenschirmen. Ebenfalls k\u00f6nnen Sie eine Taverne direkt am \u00a0Strand besuchen, wo Sie au\u00dfer Essen, auch Ihren Kaffee oder Ihr Getr\u00e4nk genie\u00dfen k\u00f6nnen. Den Strand k\u00f6nnen Sie leicht mit Taxi, Auto oder Motorrad erreichen. Au\u00dferdem gibt es Ausflugsboote, die [&hellip;]<\/p>\n","protected":false},"author":1,"featured_media":0,"parent":1026,"menu_order":0,"comment_status":"closed","ping_status":"closed","template":"page-templates\/attraction.php","meta":{"footnotes":""},"class_list":["post-1077","page","type-page","status-publish","hentry"],"yoast_head":"<!-- This site is optimized with the Yoast SEO plugin v27.1.1 - https:\/\/yoast.com\/product\/yoast-seo-wordpress\/ -->\n<title>Krios- ParosEuropeanRent \u2013 Paros Mietwagen Griechenland<\/title>\n<meta name=\"description\" content=\"Krios-Mieten Sie ein Auto, Buggy, Roller, Motorrad, quad, atv und entdecken Sie die Sehensw\u00fcrdigkeiten und die Str\u00e4nde von Paros.\" \/>\n<meta name=\"robots\" content=\"index, follow, max-snippet:-1, max-image-preview:large, max-video-preview:-1\" \/>\n<link rel=\"canonical\" href=\"https:\/\/parosrentcar.com\/de\/paros-strande\/krios\/\" \/>\n<meta property=\"og:locale\" content=\"de_DE\" \/>\n<meta property=\"og:type\" content=\"article\" \/>\n<meta property=\"og:title\" content=\"Krios- ParosEuropeanRent \u2013 Paros Mietwagen Griechenland\" \/>\n<meta property=\"og:description\" content=\"Krios-Mieten Sie ein Auto, Buggy, Roller, Motorrad, quad, atv und entdecken Sie die Sehensw\u00fcrdigkeiten und die Str\u00e4nde von Paros.\" \/>\n<meta property=\"og:url\" content=\"https:\/\/parosrentcar.com\/de\/paros-strande\/krios\/\" \/>\n<meta property=\"og:site_name\" content=\"\u039cietwagen in Paros Griechenland | Autovermietung in Paros Griechenland\" \/>\n<meta property=\"article:publisher\" content=\"https:\/\/www.facebook.com\/paroscarrental\" \/>\n<meta property=\"article:modified_time\" content=\"2015-02-28T05:31:21+00:00\" \/>\n<meta name=\"twitter:card\" content=\"summary_large_image\" \/>\n<meta name=\"twitter:site\" content=\"@parosrentcar\" \/>\n<meta name=\"twitter:label1\" content=\"Gesch\u00e4tzte Lesezeit\" \/>\n\t<meta name=\"twitter:data1\" content=\"1\u00a0Minute\" \/>\n<script type=\"application\/ld+json\" class=\"yoast-schema-graph\">{\"@context\":\"https:\/\/schema.org\",\"@graph\":[{\"@type\":\"WebPage\",\"@id\":\"https:\/\/parosrentcar.com\/de\/paros-strande\/krios\/\",\"url\":\"https:\/\/parosrentcar.com\/de\/paros-strande\/krios\/\",\"name\":\"Krios- ParosEuropeanRent \u2013 Paros Mietwagen Griechenland\",\"isPartOf\":{\"@id\":\"https:\/\/parosrentcar.com\/de\/#website\"},\"datePublished\":\"2014-11-25T06:32:02+00:00\",\"dateModified\":\"2015-02-28T05:31:21+00:00\",\"description\":\"Krios-Mieten Sie ein Auto, Buggy, Roller, Motorrad, quad, atv und entdecken Sie die Sehensw\u00fcrdigkeiten und die Str\u00e4nde von Paros.\",\"breadcrumb\":{\"@id\":\"https:\/\/parosrentcar.com\/de\/paros-strande\/krios\/#breadcrumb\"},\"inLanguage\":\"de\",\"potentialAction\":[{\"@type\":\"ReadAction\",\"target\":[\"https:\/\/parosrentcar.com\/de\/paros-strande\/krios\/\"]}]},{\"@type\":\"BreadcrumbList\",\"@id\":\"https:\/\/parosrentcar.com\/de\/paros-strande\/krios\/#breadcrumb\",\"itemListElement\":[{\"@type\":\"ListItem\",\"position\":1,\"name\":\"Home\",\"item\":\"https:\/\/parosrentcar.com\/de\/\"},{\"@type\":\"ListItem\",\"position\":2,\"name\":\"Str\u00e4nde\",\"item\":\"https:\/\/parosrentcar.com\/de\/paros-strande\/\"},{\"@type\":\"ListItem\",\"position\":3,\"name\":\"Krios\"}]},{\"@type\":\"WebSite\",\"@id\":\"https:\/\/parosrentcar.com\/de\/#website\",\"url\":\"https:\/\/parosrentcar.com\/de\/\",\"name\":\"\u039cietwagen in Paros Griechenland | Autovermietung in Paros Griechenland\",\"description\":\"\u039cietwagen in Paros Griechenland\",\"potentialAction\":[{\"@type\":\"SearchAction\",\"target\":{\"@type\":\"EntryPoint\",\"urlTemplate\":\"https:\/\/parosrentcar.com\/de\/?s={search_term_string}\"},\"query-input\":{\"@type\":\"PropertyValueSpecification\",\"valueRequired\":true,\"valueName\":\"search_term_string\"}}],\"inLanguage\":\"de\"}]}<\/script>\n<!-- \/ Yoast SEO plugin. -->","yoast_head_json":{"title":"Krios- ParosEuropeanRent \u2013 Paros Mietwagen Griechenland","description":"Krios-Mieten Sie ein Auto, Buggy, Roller, Motorrad, quad, atv und entdecken Sie die Sehensw\u00fcrdigkeiten und die Str\u00e4nde von Paros.","robots":{"index":"index","follow":"follow","max-snippet":"max-snippet:-1","max-image-preview":"max-image-preview:large","max-video-preview":"max-video-preview:-1"},"canonical":"https:\/\/parosrentcar.com\/de\/paros-strande\/krios\/","og_locale":"de_DE","og_type":"article","og_title":"Krios- ParosEuropeanRent \u2013 Paros Mietwagen Griechenland","og_description":"Krios-Mieten Sie ein Auto, Buggy, Roller, Motorrad, quad, atv und entdecken Sie die Sehensw\u00fcrdigkeiten und die Str\u00e4nde von Paros.","og_url":"https:\/\/parosrentcar.com\/de\/paros-strande\/krios\/","og_site_name":"\u039cietwagen in Paros Griechenland | Autovermietung in Paros Griechenland","article_publisher":"https:\/\/www.facebook.com\/paroscarrental","article_modified_time":"2015-02-28T05:31:21+00:00","twitter_card":"summary_large_image","twitter_site":"@parosrentcar","twitter_misc":{"Gesch\u00e4tzte Lesezeit":"1\u00a0Minute"},"schema":{"@context":"https:\/\/schema.org","@graph":[{"@type":"WebPage","@id":"https:\/\/parosrentcar.com\/de\/paros-strande\/krios\/","url":"https:\/\/parosrentcar.com\/de\/paros-strande\/krios\/","name":"Krios- ParosEuropeanRent \u2013 Paros Mietwagen Griechenland","isPartOf":{"@id":"https:\/\/parosrentcar.com\/de\/#website"},"datePublished":"2014-11-25T06:32:02+00:00","dateModified":"2015-02-28T05:31:21+00:00","description":"Krios-Mieten Sie ein Auto, Buggy, Roller, Motorrad, quad, atv und entdecken Sie die Sehensw\u00fcrdigkeiten und die Str\u00e4nde von Paros.","breadcrumb":{"@id":"https:\/\/parosrentcar.com\/de\/paros-strande\/krios\/#breadcrumb"},"inLanguage":"de","potentialAction":[{"@type":"ReadAction","target":["https:\/\/parosrentcar.com\/de\/paros-strande\/krios\/"]}]},{"@type":"BreadcrumbList","@id":"https:\/\/parosrentcar.com\/de\/paros-strande\/krios\/#breadcrumb","itemListElement":[{"@type":"ListItem","position":1,"name":"Home","item":"https:\/\/parosrentcar.com\/de\/"},{"@type":"ListItem","position":2,"name":"Str\u00e4nde","item":"https:\/\/parosrentcar.com\/de\/paros-strande\/"},{"@type":"ListItem","position":3,"name":"Krios"}]},{"@type":"WebSite","@id":"https:\/\/parosrentcar.com\/de\/#website","url":"https:\/\/parosrentcar.com\/de\/","name":"\u039cietwagen in Paros Griechenland | Autovermietung in Paros Griechenland","description":"\u039cietwagen in Paros Griechenland","potentialAction":[{"@type":"SearchAction","target":{"@type":"EntryPoint","urlTemplate":"https:\/\/parosrentcar.com\/de\/?s={search_term_string}"},"query-input":{"@type":"PropertyValueSpecification","valueRequired":true,"valueName":"search_term_string"}}],"inLanguage":"de"}]}},"_links":{"self":[{"href":"https:\/\/parosrentcar.com\/de\/wp-json\/wp\/v2\/pages\/1077","targetHints":{"allow":["GET"]}}],"collection":[{"href":"https:\/\/parosrentcar.com\/de\/wp-json\/wp\/v2\/pages"}],"about":[{"href":"https:\/\/parosrentcar.com\/de\/wp-json\/wp\/v2\/types\/page"}],"author":[{"embeddable":true,"href":"https:\/\/parosrentcar.com\/de\/wp-json\/wp\/v2\/users\/1"}],"replies":[{"embeddable":true,"href":"https:\/\/parosrentcar.com\/de\/wp-json\/wp\/v2\/comments?post=1077"}],"version-history":[{"count":1,"href":"https:\/\/parosrentcar.com\/de\/wp-json\/wp\/v2\/pages\/1077\/revisions"}],"predecessor-version":[{"id":1995,"href":"https:\/\/parosrentcar.com\/de\/wp-json\/wp\/v2\/pages\/1077\/revisions\/1995"}],"up":[{"embeddable":true,"href":"https:\/\/parosrentcar.com\/de\/wp-json\/wp\/v2\/pages\/1026"}],"wp:attachment":[{"href":"https:\/\/parosrentcar.com\/de\/wp-json\/wp\/v2\/media?parent=1077"}],"curies":[{"name":"wp","href":"https:\/\/api.w.org\/{rel}","templated":true}]}}