{"id":1075,"date":"2014-11-25T06:31:16","date_gmt":"2014-11-25T06:31:16","guid":{"rendered":"http:\/\/parosrentcar.com\/el\/?page_id=1075"},"modified":"2015-02-28T05:12:22","modified_gmt":"2015-02-28T05:12:22","slug":"faragas","status":"publish","type":"page","link":"https:\/\/parosrentcar.com\/de\/paros-strande\/faragas\/","title":{"rendered":"Faragas"},"content":{"rendered":"<p>Der Sandstrand\u00a0 <strong>Faragas<\/strong> \u00a0liegt 15 km s\u00fcdlich von Parikia, ganz in der N\u00e4he von Aliki. Der Strand\u00a0 Faragas ist vom Wind gesch\u00fctzt, der Sand ist wei\u00df und das Meer ist tief und ganz blau. Obwohl es um einen sehr gut organisierten Strand geht, hat ihre Ruhe gehalten und wird nicht vom L\u00e4rm und Verkehr beeinflusst. Das Meer ist blitzsauber, \u00a0dem Strand entlang gibt es kleine Felsen, isolierte Orte, feiner Sand und Sandd\u00fcnen.<\/p>\n<p>Besucher von der ganzen Insel Paros kommen zum Strand\u00a0 <strong>Faragas<\/strong> \u00a0zum Schwimmen, zum Entspannen und\u00a0 zum Genie\u00dfen Ihr Getr\u00e4nk oder Ihr Erfrischungsgetr\u00e4nk unter einem Sonnenschirm oder unter den B\u00e4umen am Strand. Zum Schluss gibt es ein Cafe \u2013 Restaurant ganz direkt am Meer, wo die Besucher, nach dem Schwimmen oder nach \u00a0dem Sonnenbad\u00a0 schmackhafte traditionelle Spezialit\u00e4ten probieren k\u00f6nnen. Am Ende des Strands k\u00f6nnen Sie Felsen ungew\u00f6hnlicher Formationen sehen und daneben gibt es auch <strong>zwei kleinere Str\u00e4nde<\/strong>, ideal f\u00fcr Sie, die die Harpune lieben.<\/p>\n<p>Source:<a title=\"\u03a0\u03b1\u03c1\u03b1\u03bb\u03af\u03b1 \u03a6\u03ac\u03c1\u03b1\u03b3\u03ba\u03b1\u03c2\" href=\"The%20sandy beach of Faragas is situated at a distance of 15 kilometers southern to the town of Parikia, close enough to Aliki. Faragas is a well protected from the wind beach with white sand and deep blue waters. Despite the fact that it is a very well-organised beach, it keeps its company-like style away from the movement and the noise of the settlements. The sea is crystal clear and the beach has nice rocks, secluded parts, fine sand and dunes beside the sea.  Visitors come from all over Paros to enjoy a swim, to relax having coffee or a drink under the umbrellas and the sea trees. There is a bar \u2013tavern at the beach, where you may complete the pleasure of swimming and sunbathing, by tasting the dishes of the local kitchen. On the far left and right ends of the beach, there are rocks of curious formations and beyond them two more small beaches. It is ideal for people who enjoy snorkeling.\" target=\"_blank\"> ParosEasybooking.gr &#8211; Faragas Beach<\/a><\/p>\n","protected":false},"excerpt":{"rendered":"<p>Der Sandstrand\u00a0 Faragas \u00a0liegt 15 km s\u00fcdlich von Parikia, ganz in der N\u00e4he von Aliki. Der Strand\u00a0 Faragas ist vom Wind gesch\u00fctzt, der Sand ist wei\u00df und das Meer ist tief und ganz blau. Obwohl es um einen sehr gut organisierten Strand geht, hat ihre Ruhe gehalten und wird nicht vom L\u00e4rm und Verkehr beeinflusst. Das Meer ist blitzsauber, \u00a0dem Strand entlang gibt es kleine Felsen, isolierte Orte, feiner Sand und Sandd\u00fcnen. Besucher von der ganzen Insel Paros kommen zum Strand\u00a0 Faragas \u00a0zum Schwimmen, zum Entspannen und\u00a0 zum Genie\u00dfen Ihr Getr\u00e4nk oder Ihr Erfrischungsgetr\u00e4nk unter einem Sonnenschirm oder unter den B\u00e4umen am Strand. Zum Schluss gibt es ein Cafe \u2013 [&hellip;]<\/p>\n","protected":false},"author":1,"featured_media":0,"parent":1026,"menu_order":0,"comment_status":"closed","ping_status":"closed","template":"page-templates\/attraction.php","meta":{"footnotes":""},"class_list":["post-1075","page","type-page","status-publish","hentry"],"yoast_head":"<!-- This site is optimized with the Yoast SEO plugin v27.1.1 - https:\/\/yoast.com\/product\/yoast-seo-wordpress\/ -->\n<title>Faragas- ParosEuropeanRent \u2013 Paros Mietwagen Griechenland<\/title>\n<meta name=\"description\" content=\"Faragas-Mieten Sie ein Auto, Buggy, Roller, Motorrad, quad, atv und entdecken Sie die Sehensw\u00fcrdigkeiten und die Str\u00e4nde von Paros.\" \/>\n<meta name=\"robots\" content=\"index, follow, max-snippet:-1, max-image-preview:large, max-video-preview:-1\" \/>\n<link rel=\"canonical\" href=\"https:\/\/parosrentcar.com\/de\/paros-strande\/faragas\/\" \/>\n<meta property=\"og:locale\" content=\"de_DE\" \/>\n<meta property=\"og:type\" content=\"article\" \/>\n<meta property=\"og:title\" content=\"Faragas- ParosEuropeanRent \u2013 Paros Mietwagen Griechenland\" \/>\n<meta property=\"og:description\" content=\"Faragas-Mieten Sie ein Auto, Buggy, Roller, Motorrad, quad, atv und entdecken Sie die Sehensw\u00fcrdigkeiten und die Str\u00e4nde von Paros.\" \/>\n<meta property=\"og:url\" content=\"https:\/\/parosrentcar.com\/de\/paros-strande\/faragas\/\" \/>\n<meta property=\"og:site_name\" content=\"\u039cietwagen in Paros Griechenland | Autovermietung in Paros Griechenland\" \/>\n<meta property=\"article:publisher\" content=\"https:\/\/www.facebook.com\/paroscarrental\" \/>\n<meta property=\"article:modified_time\" content=\"2015-02-28T05:12:22+00:00\" \/>\n<meta name=\"twitter:card\" content=\"summary_large_image\" \/>\n<meta name=\"twitter:site\" content=\"@parosrentcar\" \/>\n<meta name=\"twitter:label1\" content=\"Gesch\u00e4tzte Lesezeit\" \/>\n\t<meta name=\"twitter:data1\" content=\"1\u00a0Minute\" \/>\n<script type=\"application\/ld+json\" class=\"yoast-schema-graph\">{\"@context\":\"https:\/\/schema.org\",\"@graph\":[{\"@type\":\"WebPage\",\"@id\":\"https:\/\/parosrentcar.com\/de\/paros-strande\/faragas\/\",\"url\":\"https:\/\/parosrentcar.com\/de\/paros-strande\/faragas\/\",\"name\":\"Faragas- ParosEuropeanRent \u2013 Paros Mietwagen Griechenland\",\"isPartOf\":{\"@id\":\"https:\/\/parosrentcar.com\/de\/#website\"},\"datePublished\":\"2014-11-25T06:31:16+00:00\",\"dateModified\":\"2015-02-28T05:12:22+00:00\",\"description\":\"Faragas-Mieten Sie ein Auto, Buggy, Roller, Motorrad, quad, atv und entdecken Sie die Sehensw\u00fcrdigkeiten und die Str\u00e4nde von Paros.\",\"breadcrumb\":{\"@id\":\"https:\/\/parosrentcar.com\/de\/paros-strande\/faragas\/#breadcrumb\"},\"inLanguage\":\"de\",\"potentialAction\":[{\"@type\":\"ReadAction\",\"target\":[\"https:\/\/parosrentcar.com\/de\/paros-strande\/faragas\/\"]}]},{\"@type\":\"BreadcrumbList\",\"@id\":\"https:\/\/parosrentcar.com\/de\/paros-strande\/faragas\/#breadcrumb\",\"itemListElement\":[{\"@type\":\"ListItem\",\"position\":1,\"name\":\"Home\",\"item\":\"https:\/\/parosrentcar.com\/de\/\"},{\"@type\":\"ListItem\",\"position\":2,\"name\":\"Str\u00e4nde\",\"item\":\"https:\/\/parosrentcar.com\/de\/paros-strande\/\"},{\"@type\":\"ListItem\",\"position\":3,\"name\":\"Faragas\"}]},{\"@type\":\"WebSite\",\"@id\":\"https:\/\/parosrentcar.com\/de\/#website\",\"url\":\"https:\/\/parosrentcar.com\/de\/\",\"name\":\"\u039cietwagen in Paros Griechenland | Autovermietung in Paros Griechenland\",\"description\":\"\u039cietwagen in Paros Griechenland\",\"potentialAction\":[{\"@type\":\"SearchAction\",\"target\":{\"@type\":\"EntryPoint\",\"urlTemplate\":\"https:\/\/parosrentcar.com\/de\/?s={search_term_string}\"},\"query-input\":{\"@type\":\"PropertyValueSpecification\",\"valueRequired\":true,\"valueName\":\"search_term_string\"}}],\"inLanguage\":\"de\"}]}<\/script>\n<!-- \/ Yoast SEO plugin. -->","yoast_head_json":{"title":"Faragas- ParosEuropeanRent \u2013 Paros Mietwagen Griechenland","description":"Faragas-Mieten Sie ein Auto, Buggy, Roller, Motorrad, quad, atv und entdecken Sie die Sehensw\u00fcrdigkeiten und die Str\u00e4nde von Paros.","robots":{"index":"index","follow":"follow","max-snippet":"max-snippet:-1","max-image-preview":"max-image-preview:large","max-video-preview":"max-video-preview:-1"},"canonical":"https:\/\/parosrentcar.com\/de\/paros-strande\/faragas\/","og_locale":"de_DE","og_type":"article","og_title":"Faragas- ParosEuropeanRent \u2013 Paros Mietwagen Griechenland","og_description":"Faragas-Mieten Sie ein Auto, Buggy, Roller, Motorrad, quad, atv und entdecken Sie die Sehensw\u00fcrdigkeiten und die Str\u00e4nde von Paros.","og_url":"https:\/\/parosrentcar.com\/de\/paros-strande\/faragas\/","og_site_name":"\u039cietwagen in Paros Griechenland | Autovermietung in Paros Griechenland","article_publisher":"https:\/\/www.facebook.com\/paroscarrental","article_modified_time":"2015-02-28T05:12:22+00:00","twitter_card":"summary_large_image","twitter_site":"@parosrentcar","twitter_misc":{"Gesch\u00e4tzte Lesezeit":"1\u00a0Minute"},"schema":{"@context":"https:\/\/schema.org","@graph":[{"@type":"WebPage","@id":"https:\/\/parosrentcar.com\/de\/paros-strande\/faragas\/","url":"https:\/\/parosrentcar.com\/de\/paros-strande\/faragas\/","name":"Faragas- ParosEuropeanRent \u2013 Paros Mietwagen Griechenland","isPartOf":{"@id":"https:\/\/parosrentcar.com\/de\/#website"},"datePublished":"2014-11-25T06:31:16+00:00","dateModified":"2015-02-28T05:12:22+00:00","description":"Faragas-Mieten Sie ein Auto, Buggy, Roller, Motorrad, quad, atv und entdecken Sie die Sehensw\u00fcrdigkeiten und die Str\u00e4nde von Paros.","breadcrumb":{"@id":"https:\/\/parosrentcar.com\/de\/paros-strande\/faragas\/#breadcrumb"},"inLanguage":"de","potentialAction":[{"@type":"ReadAction","target":["https:\/\/parosrentcar.com\/de\/paros-strande\/faragas\/"]}]},{"@type":"BreadcrumbList","@id":"https:\/\/parosrentcar.com\/de\/paros-strande\/faragas\/#breadcrumb","itemListElement":[{"@type":"ListItem","position":1,"name":"Home","item":"https:\/\/parosrentcar.com\/de\/"},{"@type":"ListItem","position":2,"name":"Str\u00e4nde","item":"https:\/\/parosrentcar.com\/de\/paros-strande\/"},{"@type":"ListItem","position":3,"name":"Faragas"}]},{"@type":"WebSite","@id":"https:\/\/parosrentcar.com\/de\/#website","url":"https:\/\/parosrentcar.com\/de\/","name":"\u039cietwagen in Paros Griechenland | Autovermietung in Paros Griechenland","description":"\u039cietwagen in Paros Griechenland","potentialAction":[{"@type":"SearchAction","target":{"@type":"EntryPoint","urlTemplate":"https:\/\/parosrentcar.com\/de\/?s={search_term_string}"},"query-input":{"@type":"PropertyValueSpecification","valueRequired":true,"valueName":"search_term_string"}}],"inLanguage":"de"}]}},"_links":{"self":[{"href":"https:\/\/parosrentcar.com\/de\/wp-json\/wp\/v2\/pages\/1075","targetHints":{"allow":["GET"]}}],"collection":[{"href":"https:\/\/parosrentcar.com\/de\/wp-json\/wp\/v2\/pages"}],"about":[{"href":"https:\/\/parosrentcar.com\/de\/wp-json\/wp\/v2\/types\/page"}],"author":[{"embeddable":true,"href":"https:\/\/parosrentcar.com\/de\/wp-json\/wp\/v2\/users\/1"}],"replies":[{"embeddable":true,"href":"https:\/\/parosrentcar.com\/de\/wp-json\/wp\/v2\/comments?post=1075"}],"version-history":[{"count":2,"href":"https:\/\/parosrentcar.com\/de\/wp-json\/wp\/v2\/pages\/1075\/revisions"}],"predecessor-version":[{"id":1989,"href":"https:\/\/parosrentcar.com\/de\/wp-json\/wp\/v2\/pages\/1075\/revisions\/1989"}],"up":[{"embeddable":true,"href":"https:\/\/parosrentcar.com\/de\/wp-json\/wp\/v2\/pages\/1026"}],"wp:attachment":[{"href":"https:\/\/parosrentcar.com\/de\/wp-json\/wp\/v2\/media?parent=1075"}],"curies":[{"name":"wp","href":"https:\/\/api.w.org\/{rel}","templated":true}]}}