{"id":1073,"date":"2014-11-25T06:30:30","date_gmt":"2014-11-25T06:30:30","guid":{"rendered":"http:\/\/parosrentcar.com\/el\/?page_id=1073"},"modified":"2015-02-28T05:57:31","modified_gmt":"2015-02-28T05:57:31","slug":"santa-maria","status":"publish","type":"page","link":"https:\/\/parosrentcar.com\/de\/paros-strande\/santa-maria\/","title":{"rendered":"Santa Maria"},"content":{"rendered":"<p>\u00d6stlich von Naoussa treffen Sie <strong>Santa Maria<\/strong>, ein Ort, der sich besonders in den letzten Jahren entwickelt hat. Er ist 2 km von Naoussa und ist 12 km von Parikia entfernt. Der Strand ist in zwei kleineren Str\u00e4nden geteilt und hat einen wei\u00dfen <strong>Sand und klarem Wasser<\/strong>. Der erste Strand ist bekannt als Santa Maria -Campingplatz und der zweite liegt nach einem Kilometer auf \u00a0der rechten Seite der Stra\u00dfe.<\/p>\n<p>Von diesem Strand k\u00f6nnen Sie die <strong>Insel von Naxos<\/strong> sehen. Der Strand ist<strong> gut organisiert<\/strong> mit Liegest\u00fchlen, Sonnenschirmen und Bars. Sie k\u00f6nnen sich ausruhen, indem Sie die Musik von Bars h\u00f6ren und den Blick genie\u00dfen. Es ist ein gro\u00dfer Strand, wo man die M\u00f6glichkeit hat, <strong>Windsurfen <\/strong>zu lernen und andere <strong>Wassersportarten<\/strong> und Tauchen zu lernen. Wenn man gern Harpune macht, ist \u00a0der Meeresgrund ist f\u00fcr Unterwassers Fischen geeignet.<\/p>\n<p>Auch wenn es Ihnen nur \u00a0gef\u00e4llt, einfach das Leben <strong>unter dem Wasser<\/strong> zu beobachten und zu erforschen, die Tauchschule wird Ihnen dann \u00a0auch helfen, das Meer und das Leben im Meer zu genie\u00dfen. Es ist besser wegen des Campingplatzes, der hinter dem Strand liegt, diesen Strand im Sommer, im Juli und im August zu besuchen.<\/p>\n<p>Sie k\u00f6nnen den Strand mit Taxi, Auto, Motorrad oder mit den Schiffen, die t\u00e4glich Ausfl\u00fcge vom Hafen von Naoussa machen, erreichen. Zum Schluss gibt es viele Unterk\u00fcnfte, wo Sie bleiben k\u00f6nnen und Lokale am Meer, die leckeres Essen bieten.<\/p>\n<p>Source: <a title=\"\u03a0\u03b1\u03c1\u03b1\u03bb\u03af\u03b1 \u03a3\u03ac\u03bd\u03c4\u03b1 \u039c\u03b1\u03c1\u03af\u03b1\" href=\"http:\/\/paroseasybooking.gr\/dt_portfolio\/santa-maria-beach\/\" target=\"_blank\">ParosEasyBooking.gr &#8211; Santa Maria Beach<\/a><\/p>\n","protected":false},"excerpt":{"rendered":"<p>\u00d6stlich von Naoussa treffen Sie Santa Maria, ein Ort, der sich besonders in den letzten Jahren entwickelt hat. Er ist 2 km von Naoussa und ist 12 km von Parikia entfernt. Der Strand ist in zwei kleineren Str\u00e4nden geteilt und hat einen wei\u00dfen Sand und klarem Wasser. Der erste Strand ist bekannt als Santa Maria -Campingplatz und der zweite liegt nach einem Kilometer auf \u00a0der rechten Seite der Stra\u00dfe. Von diesem Strand k\u00f6nnen Sie die Insel von Naxos sehen. Der Strand ist gut organisiert mit Liegest\u00fchlen, Sonnenschirmen und Bars. Sie k\u00f6nnen sich ausruhen, indem Sie die Musik von Bars h\u00f6ren und den Blick genie\u00dfen. Es ist ein gro\u00dfer Strand, wo [&hellip;]<\/p>\n","protected":false},"author":1,"featured_media":0,"parent":1026,"menu_order":0,"comment_status":"closed","ping_status":"closed","template":"page-templates\/attraction.php","meta":{"footnotes":""},"class_list":["post-1073","page","type-page","status-publish","hentry"],"yoast_head":"<!-- This site is optimized with the Yoast SEO plugin v27.1.1 - https:\/\/yoast.com\/product\/yoast-seo-wordpress\/ -->\n<title>Santa Maria- ParosEuropeanRent \u2013 Paros Mietwagen Griechenland<\/title>\n<meta name=\"description\" content=\"Santa Maria-Mieten Sie ein Auto, Buggy, Roller, Motorrad, quad, atv und entdecken Sie die Sehensw\u00fcrdigkeiten und die Str\u00e4nde von Paros.\" \/>\n<meta name=\"robots\" content=\"index, follow, max-snippet:-1, max-image-preview:large, max-video-preview:-1\" \/>\n<link rel=\"canonical\" href=\"https:\/\/parosrentcar.com\/de\/paros-strande\/santa-maria\/\" \/>\n<meta property=\"og:locale\" content=\"de_DE\" \/>\n<meta property=\"og:type\" content=\"article\" \/>\n<meta property=\"og:title\" content=\"Santa Maria- ParosEuropeanRent \u2013 Paros Mietwagen Griechenland\" \/>\n<meta property=\"og:description\" content=\"Santa Maria-Mieten Sie ein Auto, Buggy, Roller, Motorrad, quad, atv und entdecken Sie die Sehensw\u00fcrdigkeiten und die Str\u00e4nde von Paros.\" \/>\n<meta property=\"og:url\" content=\"https:\/\/parosrentcar.com\/de\/paros-strande\/santa-maria\/\" \/>\n<meta property=\"og:site_name\" content=\"\u039cietwagen in Paros Griechenland | Autovermietung in Paros Griechenland\" \/>\n<meta property=\"article:publisher\" content=\"https:\/\/www.facebook.com\/paroscarrental\" \/>\n<meta property=\"article:modified_time\" content=\"2015-02-28T05:57:31+00:00\" \/>\n<meta name=\"twitter:card\" content=\"summary_large_image\" \/>\n<meta name=\"twitter:site\" content=\"@parosrentcar\" \/>\n<meta name=\"twitter:label1\" content=\"Gesch\u00e4tzte Lesezeit\" \/>\n\t<meta name=\"twitter:data1\" content=\"1\u00a0Minute\" \/>\n<script type=\"application\/ld+json\" class=\"yoast-schema-graph\">{\"@context\":\"https:\/\/schema.org\",\"@graph\":[{\"@type\":\"WebPage\",\"@id\":\"https:\/\/parosrentcar.com\/de\/paros-strande\/santa-maria\/\",\"url\":\"https:\/\/parosrentcar.com\/de\/paros-strande\/santa-maria\/\",\"name\":\"Santa Maria- ParosEuropeanRent \u2013 Paros Mietwagen Griechenland\",\"isPartOf\":{\"@id\":\"https:\/\/parosrentcar.com\/de\/#website\"},\"datePublished\":\"2014-11-25T06:30:30+00:00\",\"dateModified\":\"2015-02-28T05:57:31+00:00\",\"description\":\"Santa Maria-Mieten Sie ein Auto, Buggy, Roller, Motorrad, quad, atv und entdecken Sie die Sehensw\u00fcrdigkeiten und die Str\u00e4nde von Paros.\",\"breadcrumb\":{\"@id\":\"https:\/\/parosrentcar.com\/de\/paros-strande\/santa-maria\/#breadcrumb\"},\"inLanguage\":\"de\",\"potentialAction\":[{\"@type\":\"ReadAction\",\"target\":[\"https:\/\/parosrentcar.com\/de\/paros-strande\/santa-maria\/\"]}]},{\"@type\":\"BreadcrumbList\",\"@id\":\"https:\/\/parosrentcar.com\/de\/paros-strande\/santa-maria\/#breadcrumb\",\"itemListElement\":[{\"@type\":\"ListItem\",\"position\":1,\"name\":\"Home\",\"item\":\"https:\/\/parosrentcar.com\/de\/\"},{\"@type\":\"ListItem\",\"position\":2,\"name\":\"Str\u00e4nde\",\"item\":\"https:\/\/parosrentcar.com\/de\/paros-strande\/\"},{\"@type\":\"ListItem\",\"position\":3,\"name\":\"Santa Maria\"}]},{\"@type\":\"WebSite\",\"@id\":\"https:\/\/parosrentcar.com\/de\/#website\",\"url\":\"https:\/\/parosrentcar.com\/de\/\",\"name\":\"\u039cietwagen in Paros Griechenland | Autovermietung in Paros Griechenland\",\"description\":\"\u039cietwagen in Paros Griechenland\",\"potentialAction\":[{\"@type\":\"SearchAction\",\"target\":{\"@type\":\"EntryPoint\",\"urlTemplate\":\"https:\/\/parosrentcar.com\/de\/?s={search_term_string}\"},\"query-input\":{\"@type\":\"PropertyValueSpecification\",\"valueRequired\":true,\"valueName\":\"search_term_string\"}}],\"inLanguage\":\"de\"}]}<\/script>\n<!-- \/ Yoast SEO plugin. -->","yoast_head_json":{"title":"Santa Maria- ParosEuropeanRent \u2013 Paros Mietwagen Griechenland","description":"Santa Maria-Mieten Sie ein Auto, Buggy, Roller, Motorrad, quad, atv und entdecken Sie die Sehensw\u00fcrdigkeiten und die Str\u00e4nde von Paros.","robots":{"index":"index","follow":"follow","max-snippet":"max-snippet:-1","max-image-preview":"max-image-preview:large","max-video-preview":"max-video-preview:-1"},"canonical":"https:\/\/parosrentcar.com\/de\/paros-strande\/santa-maria\/","og_locale":"de_DE","og_type":"article","og_title":"Santa Maria- ParosEuropeanRent \u2013 Paros Mietwagen Griechenland","og_description":"Santa Maria-Mieten Sie ein Auto, Buggy, Roller, Motorrad, quad, atv und entdecken Sie die Sehensw\u00fcrdigkeiten und die Str\u00e4nde von Paros.","og_url":"https:\/\/parosrentcar.com\/de\/paros-strande\/santa-maria\/","og_site_name":"\u039cietwagen in Paros Griechenland | Autovermietung in Paros Griechenland","article_publisher":"https:\/\/www.facebook.com\/paroscarrental","article_modified_time":"2015-02-28T05:57:31+00:00","twitter_card":"summary_large_image","twitter_site":"@parosrentcar","twitter_misc":{"Gesch\u00e4tzte Lesezeit":"1\u00a0Minute"},"schema":{"@context":"https:\/\/schema.org","@graph":[{"@type":"WebPage","@id":"https:\/\/parosrentcar.com\/de\/paros-strande\/santa-maria\/","url":"https:\/\/parosrentcar.com\/de\/paros-strande\/santa-maria\/","name":"Santa Maria- ParosEuropeanRent \u2013 Paros Mietwagen Griechenland","isPartOf":{"@id":"https:\/\/parosrentcar.com\/de\/#website"},"datePublished":"2014-11-25T06:30:30+00:00","dateModified":"2015-02-28T05:57:31+00:00","description":"Santa Maria-Mieten Sie ein Auto, Buggy, Roller, Motorrad, quad, atv und entdecken Sie die Sehensw\u00fcrdigkeiten und die Str\u00e4nde von Paros.","breadcrumb":{"@id":"https:\/\/parosrentcar.com\/de\/paros-strande\/santa-maria\/#breadcrumb"},"inLanguage":"de","potentialAction":[{"@type":"ReadAction","target":["https:\/\/parosrentcar.com\/de\/paros-strande\/santa-maria\/"]}]},{"@type":"BreadcrumbList","@id":"https:\/\/parosrentcar.com\/de\/paros-strande\/santa-maria\/#breadcrumb","itemListElement":[{"@type":"ListItem","position":1,"name":"Home","item":"https:\/\/parosrentcar.com\/de\/"},{"@type":"ListItem","position":2,"name":"Str\u00e4nde","item":"https:\/\/parosrentcar.com\/de\/paros-strande\/"},{"@type":"ListItem","position":3,"name":"Santa Maria"}]},{"@type":"WebSite","@id":"https:\/\/parosrentcar.com\/de\/#website","url":"https:\/\/parosrentcar.com\/de\/","name":"\u039cietwagen in Paros Griechenland | Autovermietung in Paros Griechenland","description":"\u039cietwagen in Paros Griechenland","potentialAction":[{"@type":"SearchAction","target":{"@type":"EntryPoint","urlTemplate":"https:\/\/parosrentcar.com\/de\/?s={search_term_string}"},"query-input":{"@type":"PropertyValueSpecification","valueRequired":true,"valueName":"search_term_string"}}],"inLanguage":"de"}]}},"_links":{"self":[{"href":"https:\/\/parosrentcar.com\/de\/wp-json\/wp\/v2\/pages\/1073","targetHints":{"allow":["GET"]}}],"collection":[{"href":"https:\/\/parosrentcar.com\/de\/wp-json\/wp\/v2\/pages"}],"about":[{"href":"https:\/\/parosrentcar.com\/de\/wp-json\/wp\/v2\/types\/page"}],"author":[{"embeddable":true,"href":"https:\/\/parosrentcar.com\/de\/wp-json\/wp\/v2\/users\/1"}],"replies":[{"embeddable":true,"href":"https:\/\/parosrentcar.com\/de\/wp-json\/wp\/v2\/comments?post=1073"}],"version-history":[{"count":1,"href":"https:\/\/parosrentcar.com\/de\/wp-json\/wp\/v2\/pages\/1073\/revisions"}],"predecessor-version":[{"id":2002,"href":"https:\/\/parosrentcar.com\/de\/wp-json\/wp\/v2\/pages\/1073\/revisions\/2002"}],"up":[{"embeddable":true,"href":"https:\/\/parosrentcar.com\/de\/wp-json\/wp\/v2\/pages\/1026"}],"wp:attachment":[{"href":"https:\/\/parosrentcar.com\/de\/wp-json\/wp\/v2\/media?parent=1073"}],"curies":[{"name":"wp","href":"https:\/\/api.w.org\/{rel}","templated":true}]}}