{"id":1066,"date":"2014-11-24T19:19:16","date_gmt":"2014-11-24T19:19:16","guid":{"rendered":"http:\/\/parosrentcar.com\/el\/?page_id=1066"},"modified":"2015-02-28T08:36:29","modified_gmt":"2015-02-28T08:36:29","slug":"%ce%b1%cf%81%cf%87%ce%b1%ce%af%ce%bf-%ce%bd%ce%b5%ce%ba%cf%81%ce%bf%cf%84%ce%b1%cf%86%ce%b5%ce%af%ce%bf","status":"publish","type":"page","link":"https:\/\/parosrentcar.com\/de\/paros-sehenswurdigkeiten\/%ce%b1%cf%81%cf%87%ce%b1%ce%af%ce%bf-%ce%bd%ce%b5%ce%ba%cf%81%ce%bf%cf%84%ce%b1%cf%86%ce%b5%ce%af%ce%bf\/","title":{"rendered":"Alter Friedhof"},"content":{"rendered":"<p>Auf \u00a0der StrandStra\u00dfe direkt vor dem Hafen von Parikia befindet sich der <strong>alte Friedhof<\/strong>, die wichtigste Sehensw\u00fcrdigkeit von Kykladen. Im Jahr 1983 haben die Ausgrabungen Gr\u00e4ber verschiedener Arten und Alters zur Licht\u00a0 gebracht, die zwischen dem 8. Jahrhundert vor Christus bis zum 3. Jahrhundert nach Christus stammen. Die gro\u00dfen aus Marmorgrabs\u00e4ulen und die verschieden\u00a0 Sockel erlauben dem Besucher, die Benutzung des Friedhofs w\u00e4hrend der verschieden zeitlichen Epochen zu erkennen.<\/p>\n<p>Zwischen den anderen bemerkenswerten Ausgrabungen ist ein <strong>bestimmter Grab<\/strong>, der von gro\u00dfer Bedeutung ist. Eine rechtwinklige Herstellung (Polyandrie oder Kiste), Ausma\u00df 7 \u00a01,20m von gespaltenen Platten gebaut, mit gro\u00dfen bedeckten Platten. Er stammt vom 8. Jahrhundert vor Christus, enthielt \u00a0etwa 30 Amphora, die nebeneinander gestanden haben und \u00dcberbleibsel der Verbrennung der Toten enthalten hat. Heute wird dieser Platz als ein arch\u00e4ologischer Park aufbewahrt, wo interessante Kostbarkeiten und Fotos von den ersten Teilen der Ausgrabungen ausgestellt werden.<\/p>\n","protected":false},"excerpt":{"rendered":"<p>Auf \u00a0der StrandStra\u00dfe direkt vor dem Hafen von Parikia befindet sich der alte Friedhof, die wichtigste Sehensw\u00fcrdigkeit von Kykladen. Im Jahr 1983 haben die Ausgrabungen Gr\u00e4ber verschiedener Arten und Alters zur Licht\u00a0 gebracht, die zwischen dem 8. Jahrhundert vor Christus bis zum 3. Jahrhundert nach Christus stammen. Die gro\u00dfen aus Marmorgrabs\u00e4ulen und die verschieden\u00a0 Sockel erlauben dem Besucher, die Benutzung des Friedhofs w\u00e4hrend der verschieden zeitlichen Epochen zu erkennen. Zwischen den anderen bemerkenswerten Ausgrabungen ist ein bestimmter Grab, der von gro\u00dfer Bedeutung ist. Eine rechtwinklige Herstellung (Polyandrie oder Kiste), Ausma\u00df 7 \u00a01,20m von gespaltenen Platten gebaut, mit gro\u00dfen bedeckten Platten. Er stammt vom 8. Jahrhundert vor Christus, enthielt \u00a0etwa 30 [&hellip;]<\/p>\n","protected":false},"author":1,"featured_media":0,"parent":1015,"menu_order":0,"comment_status":"closed","ping_status":"closed","template":"page-templates\/attraction.php","meta":{"footnotes":""},"class_list":["post-1066","page","type-page","status-publish","hentry"],"yoast_head":"<!-- This site is optimized with the Yoast SEO plugin v27.1.1 - https:\/\/yoast.com\/product\/yoast-seo-wordpress\/ -->\n<title>Alter Friedhof- ParosEuropeanRent \u2013 Paros Mietwagen Griechenland<\/title>\n<meta name=\"description\" content=\"Alter Friedhof-Mieten Sie ein Auto, Buggy, Roller, Motorrad, quad, atv und entdecken Sie die Sehensw\u00fcrdigkeiten und die Str\u00e4nde von Paros.\" \/>\n<meta name=\"robots\" content=\"index, follow, max-snippet:-1, max-image-preview:large, max-video-preview:-1\" \/>\n<link rel=\"canonical\" href=\"https:\/\/parosrentcar.com\/de\/paros-sehenswurdigkeiten\/\u03b1\u03c1\u03c7\u03b1\u03af\u03bf-\u03bd\u03b5\u03ba\u03c1\u03bf\u03c4\u03b1\u03c6\u03b5\u03af\u03bf\/\" \/>\n<meta property=\"og:locale\" content=\"de_DE\" \/>\n<meta property=\"og:type\" content=\"article\" \/>\n<meta property=\"og:title\" content=\"Alter Friedhof- ParosEuropeanRent \u2013 Paros Mietwagen Griechenland\" \/>\n<meta property=\"og:description\" content=\"Alter Friedhof-Mieten Sie ein Auto, Buggy, Roller, Motorrad, quad, atv und entdecken Sie die Sehensw\u00fcrdigkeiten und die Str\u00e4nde von Paros.\" \/>\n<meta property=\"og:url\" content=\"https:\/\/parosrentcar.com\/de\/paros-sehenswurdigkeiten\/\u03b1\u03c1\u03c7\u03b1\u03af\u03bf-\u03bd\u03b5\u03ba\u03c1\u03bf\u03c4\u03b1\u03c6\u03b5\u03af\u03bf\/\" \/>\n<meta property=\"og:site_name\" content=\"\u039cietwagen in Paros Griechenland | Autovermietung in Paros Griechenland\" \/>\n<meta property=\"article:publisher\" content=\"https:\/\/www.facebook.com\/paroscarrental\" \/>\n<meta property=\"article:modified_time\" content=\"2015-02-28T08:36:29+00:00\" \/>\n<meta name=\"twitter:card\" content=\"summary_large_image\" \/>\n<meta name=\"twitter:site\" content=\"@parosrentcar\" \/>\n<meta name=\"twitter:label1\" content=\"Gesch\u00e4tzte Lesezeit\" \/>\n\t<meta name=\"twitter:data1\" content=\"1\u00a0Minute\" \/>\n<script type=\"application\/ld+json\" class=\"yoast-schema-graph\">{\"@context\":\"https:\/\/schema.org\",\"@graph\":[{\"@type\":\"WebPage\",\"@id\":\"https:\/\/parosrentcar.com\/de\/paros-sehenswurdigkeiten\/%ce%b1%cf%81%cf%87%ce%b1%ce%af%ce%bf-%ce%bd%ce%b5%ce%ba%cf%81%ce%bf%cf%84%ce%b1%cf%86%ce%b5%ce%af%ce%bf\/\",\"url\":\"https:\/\/parosrentcar.com\/de\/paros-sehenswurdigkeiten\/%ce%b1%cf%81%cf%87%ce%b1%ce%af%ce%bf-%ce%bd%ce%b5%ce%ba%cf%81%ce%bf%cf%84%ce%b1%cf%86%ce%b5%ce%af%ce%bf\/\",\"name\":\"Alter Friedhof- ParosEuropeanRent \u2013 Paros Mietwagen Griechenland\",\"isPartOf\":{\"@id\":\"https:\/\/parosrentcar.com\/de\/#website\"},\"datePublished\":\"2014-11-24T19:19:16+00:00\",\"dateModified\":\"2015-02-28T08:36:29+00:00\",\"description\":\"Alter Friedhof-Mieten Sie ein Auto, Buggy, Roller, Motorrad, quad, atv und entdecken Sie die Sehensw\u00fcrdigkeiten und die Str\u00e4nde von Paros.\",\"breadcrumb\":{\"@id\":\"https:\/\/parosrentcar.com\/de\/paros-sehenswurdigkeiten\/%ce%b1%cf%81%cf%87%ce%b1%ce%af%ce%bf-%ce%bd%ce%b5%ce%ba%cf%81%ce%bf%cf%84%ce%b1%cf%86%ce%b5%ce%af%ce%bf\/#breadcrumb\"},\"inLanguage\":\"de\",\"potentialAction\":[{\"@type\":\"ReadAction\",\"target\":[\"https:\/\/parosrentcar.com\/de\/paros-sehenswurdigkeiten\/%ce%b1%cf%81%cf%87%ce%b1%ce%af%ce%bf-%ce%bd%ce%b5%ce%ba%cf%81%ce%bf%cf%84%ce%b1%cf%86%ce%b5%ce%af%ce%bf\/\"]}]},{\"@type\":\"BreadcrumbList\",\"@id\":\"https:\/\/parosrentcar.com\/de\/paros-sehenswurdigkeiten\/%ce%b1%cf%81%cf%87%ce%b1%ce%af%ce%bf-%ce%bd%ce%b5%ce%ba%cf%81%ce%bf%cf%84%ce%b1%cf%86%ce%b5%ce%af%ce%bf\/#breadcrumb\",\"itemListElement\":[{\"@type\":\"ListItem\",\"position\":1,\"name\":\"Home\",\"item\":\"https:\/\/parosrentcar.com\/de\/\"},{\"@type\":\"ListItem\",\"position\":2,\"name\":\"Sehensw\u00fcrdigkeiten\",\"item\":\"https:\/\/parosrentcar.com\/de\/paros-sehenswurdigkeiten\/\"},{\"@type\":\"ListItem\",\"position\":3,\"name\":\"Alter Friedhof\"}]},{\"@type\":\"WebSite\",\"@id\":\"https:\/\/parosrentcar.com\/de\/#website\",\"url\":\"https:\/\/parosrentcar.com\/de\/\",\"name\":\"\u039cietwagen in Paros Griechenland | Autovermietung in Paros Griechenland\",\"description\":\"\u039cietwagen in Paros Griechenland\",\"potentialAction\":[{\"@type\":\"SearchAction\",\"target\":{\"@type\":\"EntryPoint\",\"urlTemplate\":\"https:\/\/parosrentcar.com\/de\/?s={search_term_string}\"},\"query-input\":{\"@type\":\"PropertyValueSpecification\",\"valueRequired\":true,\"valueName\":\"search_term_string\"}}],\"inLanguage\":\"de\"}]}<\/script>\n<!-- \/ Yoast SEO plugin. -->","yoast_head_json":{"title":"Alter Friedhof- ParosEuropeanRent \u2013 Paros Mietwagen Griechenland","description":"Alter Friedhof-Mieten Sie ein Auto, Buggy, Roller, Motorrad, quad, atv und entdecken Sie die Sehensw\u00fcrdigkeiten und die Str\u00e4nde von Paros.","robots":{"index":"index","follow":"follow","max-snippet":"max-snippet:-1","max-image-preview":"max-image-preview:large","max-video-preview":"max-video-preview:-1"},"canonical":"https:\/\/parosrentcar.com\/de\/paros-sehenswurdigkeiten\/\u03b1\u03c1\u03c7\u03b1\u03af\u03bf-\u03bd\u03b5\u03ba\u03c1\u03bf\u03c4\u03b1\u03c6\u03b5\u03af\u03bf\/","og_locale":"de_DE","og_type":"article","og_title":"Alter Friedhof- ParosEuropeanRent \u2013 Paros Mietwagen Griechenland","og_description":"Alter Friedhof-Mieten Sie ein Auto, Buggy, Roller, Motorrad, quad, atv und entdecken Sie die Sehensw\u00fcrdigkeiten und die Str\u00e4nde von Paros.","og_url":"https:\/\/parosrentcar.com\/de\/paros-sehenswurdigkeiten\/\u03b1\u03c1\u03c7\u03b1\u03af\u03bf-\u03bd\u03b5\u03ba\u03c1\u03bf\u03c4\u03b1\u03c6\u03b5\u03af\u03bf\/","og_site_name":"\u039cietwagen in Paros Griechenland | Autovermietung in Paros Griechenland","article_publisher":"https:\/\/www.facebook.com\/paroscarrental","article_modified_time":"2015-02-28T08:36:29+00:00","twitter_card":"summary_large_image","twitter_site":"@parosrentcar","twitter_misc":{"Gesch\u00e4tzte Lesezeit":"1\u00a0Minute"},"schema":{"@context":"https:\/\/schema.org","@graph":[{"@type":"WebPage","@id":"https:\/\/parosrentcar.com\/de\/paros-sehenswurdigkeiten\/%ce%b1%cf%81%cf%87%ce%b1%ce%af%ce%bf-%ce%bd%ce%b5%ce%ba%cf%81%ce%bf%cf%84%ce%b1%cf%86%ce%b5%ce%af%ce%bf\/","url":"https:\/\/parosrentcar.com\/de\/paros-sehenswurdigkeiten\/%ce%b1%cf%81%cf%87%ce%b1%ce%af%ce%bf-%ce%bd%ce%b5%ce%ba%cf%81%ce%bf%cf%84%ce%b1%cf%86%ce%b5%ce%af%ce%bf\/","name":"Alter Friedhof- ParosEuropeanRent \u2013 Paros Mietwagen Griechenland","isPartOf":{"@id":"https:\/\/parosrentcar.com\/de\/#website"},"datePublished":"2014-11-24T19:19:16+00:00","dateModified":"2015-02-28T08:36:29+00:00","description":"Alter Friedhof-Mieten Sie ein Auto, Buggy, Roller, Motorrad, quad, atv und entdecken Sie die Sehensw\u00fcrdigkeiten und die Str\u00e4nde von Paros.","breadcrumb":{"@id":"https:\/\/parosrentcar.com\/de\/paros-sehenswurdigkeiten\/%ce%b1%cf%81%cf%87%ce%b1%ce%af%ce%bf-%ce%bd%ce%b5%ce%ba%cf%81%ce%bf%cf%84%ce%b1%cf%86%ce%b5%ce%af%ce%bf\/#breadcrumb"},"inLanguage":"de","potentialAction":[{"@type":"ReadAction","target":["https:\/\/parosrentcar.com\/de\/paros-sehenswurdigkeiten\/%ce%b1%cf%81%cf%87%ce%b1%ce%af%ce%bf-%ce%bd%ce%b5%ce%ba%cf%81%ce%bf%cf%84%ce%b1%cf%86%ce%b5%ce%af%ce%bf\/"]}]},{"@type":"BreadcrumbList","@id":"https:\/\/parosrentcar.com\/de\/paros-sehenswurdigkeiten\/%ce%b1%cf%81%cf%87%ce%b1%ce%af%ce%bf-%ce%bd%ce%b5%ce%ba%cf%81%ce%bf%cf%84%ce%b1%cf%86%ce%b5%ce%af%ce%bf\/#breadcrumb","itemListElement":[{"@type":"ListItem","position":1,"name":"Home","item":"https:\/\/parosrentcar.com\/de\/"},{"@type":"ListItem","position":2,"name":"Sehensw\u00fcrdigkeiten","item":"https:\/\/parosrentcar.com\/de\/paros-sehenswurdigkeiten\/"},{"@type":"ListItem","position":3,"name":"Alter Friedhof"}]},{"@type":"WebSite","@id":"https:\/\/parosrentcar.com\/de\/#website","url":"https:\/\/parosrentcar.com\/de\/","name":"\u039cietwagen in Paros Griechenland | Autovermietung in Paros Griechenland","description":"\u039cietwagen in Paros Griechenland","potentialAction":[{"@type":"SearchAction","target":{"@type":"EntryPoint","urlTemplate":"https:\/\/parosrentcar.com\/de\/?s={search_term_string}"},"query-input":{"@type":"PropertyValueSpecification","valueRequired":true,"valueName":"search_term_string"}}],"inLanguage":"de"}]}},"_links":{"self":[{"href":"https:\/\/parosrentcar.com\/de\/wp-json\/wp\/v2\/pages\/1066","targetHints":{"allow":["GET"]}}],"collection":[{"href":"https:\/\/parosrentcar.com\/de\/wp-json\/wp\/v2\/pages"}],"about":[{"href":"https:\/\/parosrentcar.com\/de\/wp-json\/wp\/v2\/types\/page"}],"author":[{"embeddable":true,"href":"https:\/\/parosrentcar.com\/de\/wp-json\/wp\/v2\/users\/1"}],"replies":[{"embeddable":true,"href":"https:\/\/parosrentcar.com\/de\/wp-json\/wp\/v2\/comments?post=1066"}],"version-history":[{"count":1,"href":"https:\/\/parosrentcar.com\/de\/wp-json\/wp\/v2\/pages\/1066\/revisions"}],"predecessor-version":[{"id":2025,"href":"https:\/\/parosrentcar.com\/de\/wp-json\/wp\/v2\/pages\/1066\/revisions\/2025"}],"up":[{"embeddable":true,"href":"https:\/\/parosrentcar.com\/de\/wp-json\/wp\/v2\/pages\/1015"}],"wp:attachment":[{"href":"https:\/\/parosrentcar.com\/de\/wp-json\/wp\/v2\/media?parent=1066"}],"curies":[{"name":"wp","href":"https:\/\/api.w.org\/{rel}","templated":true}]}}