{"id":1064,"date":"2014-11-24T19:16:14","date_gmt":"2014-11-24T19:16:14","guid":{"rendered":"http:\/\/parosrentcar.com\/el\/?page_id=1064"},"modified":"2015-02-28T08:51:43","modified_gmt":"2015-02-28T08:51:43","slug":"dilion","status":"publish","type":"page","link":"https:\/\/parosrentcar.com\/de\/paros-sehenswurdigkeiten\/dilion\/","title":{"rendered":"Dilion"},"content":{"rendered":"<p>Auf dem Gipfel eines H\u00fcgels an der n\u00f6rdlichen Seite von Parikia liegt es der <strong>Tempel von Apollona und Artemi<\/strong>. Er hei\u00dft Dilion, denn es \u00a0liegt dort der Tempel \u00a0Insel Dilon. Der Tempel wurde am Ende des 9. Hunderts gegr\u00fcndet und wurde bis zum 5. Jahrhundert weiter benutzt. W\u00e4hrend dieser Zeit in der n\u00f6rdlichen Seite des archaischen Tempels, wurde ein anderer Tempel aus Marmor gebaut, zum Ehren der G\u00f6ttin\u00a0 Artemis, die Schwester von Apollona. Zwischen den anderen Ruinen, die sich dort befinden, wurde auch ein antiker Friedhof ausgegraben, der aus 3000 vor Christus stammt.<\/p>\n<p>Die Umgebung um <strong>Dilion<\/strong> herum wurde \u00a0auch w\u00e4hrend der ganzen Antike f\u00fcr das System\u00a0 von \u00a0\u0384\u0384Friktories\u2019\u2019 benutzt, eine Kommunikationsmethode, die ein organisiertes Netz aus Flammen benutzt, um eine Nachricht in l\u00e4ngere Strecken zu verbreiten. Die <strong>bestimmte Technik<\/strong> wurde au\u00dferdem von Agamemnona benutzt um seine Frau Klitemnistra zu informieren, dass Tria den Krieg verloren hat. Diese Nachricht reiste \u00fcber 700 Kilometer innerhalb weniger Stunden.<\/p>\n<p>Wenn der Himmel ohne Wolken ist, viele andere <strong>Inseln<\/strong> in der N\u00e4he sind sichtbar und der <strong>Blick<\/strong> honoriert Sie \u00a0f\u00fcr das Spazierengehen bis dorthin.<\/p>\n","protected":false},"excerpt":{"rendered":"<p>Auf dem Gipfel eines H\u00fcgels an der n\u00f6rdlichen Seite von Parikia liegt es der Tempel von Apollona und Artemi. Er hei\u00dft Dilion, denn es \u00a0liegt dort der Tempel \u00a0Insel Dilon. Der Tempel wurde am Ende des 9. Hunderts gegr\u00fcndet und wurde bis zum 5. Jahrhundert weiter benutzt. W\u00e4hrend dieser Zeit in der n\u00f6rdlichen Seite des archaischen Tempels, wurde ein anderer Tempel aus Marmor gebaut, zum Ehren der G\u00f6ttin\u00a0 Artemis, die Schwester von Apollona. Zwischen den anderen Ruinen, die sich dort befinden, wurde auch ein antiker Friedhof ausgegraben, der aus 3000 vor Christus stammt. Die Umgebung um Dilion herum wurde \u00a0auch w\u00e4hrend der ganzen Antike f\u00fcr das System\u00a0 von \u00a0\u0384\u0384Friktories\u2019\u2019 benutzt, [&hellip;]<\/p>\n","protected":false},"author":1,"featured_media":0,"parent":1015,"menu_order":0,"comment_status":"closed","ping_status":"closed","template":"page-templates\/attraction.php","meta":{"footnotes":""},"class_list":["post-1064","page","type-page","status-publish","hentry"],"yoast_head":"<!-- This site is optimized with the Yoast SEO plugin v27.1.1 - https:\/\/yoast.com\/product\/yoast-seo-wordpress\/ -->\n<title>Dilion - ParosEuropeanRent \u2013 Paros Mietwagen Griechenland<\/title>\n<meta name=\"description\" content=\"Dilion -Mieten Sie ein Auto, Buggy, Roller, Motorrad, quad, atv und entdecken Sie die Sehensw\u00fcrdigkeiten und die Str\u00e4nde von Paros.\" \/>\n<meta name=\"robots\" content=\"index, follow, max-snippet:-1, max-image-preview:large, max-video-preview:-1\" \/>\n<link rel=\"canonical\" href=\"https:\/\/parosrentcar.com\/de\/paros-sehenswurdigkeiten\/dilion\/\" \/>\n<meta property=\"og:locale\" content=\"de_DE\" \/>\n<meta property=\"og:type\" content=\"article\" \/>\n<meta property=\"og:title\" content=\"Dilion - ParosEuropeanRent \u2013 Paros Mietwagen Griechenland\" \/>\n<meta property=\"og:description\" content=\"Dilion -Mieten Sie ein Auto, Buggy, Roller, Motorrad, quad, atv und entdecken Sie die Sehensw\u00fcrdigkeiten und die Str\u00e4nde von Paros.\" \/>\n<meta property=\"og:url\" content=\"https:\/\/parosrentcar.com\/de\/paros-sehenswurdigkeiten\/dilion\/\" \/>\n<meta property=\"og:site_name\" content=\"\u039cietwagen in Paros Griechenland | Autovermietung in Paros Griechenland\" \/>\n<meta property=\"article:publisher\" content=\"https:\/\/www.facebook.com\/paroscarrental\" \/>\n<meta property=\"article:modified_time\" content=\"2015-02-28T08:51:43+00:00\" \/>\n<meta name=\"twitter:card\" content=\"summary_large_image\" \/>\n<meta name=\"twitter:site\" content=\"@parosrentcar\" \/>\n<meta name=\"twitter:label1\" content=\"Gesch\u00e4tzte Lesezeit\" \/>\n\t<meta name=\"twitter:data1\" content=\"1\u00a0Minute\" \/>\n<script type=\"application\/ld+json\" class=\"yoast-schema-graph\">{\"@context\":\"https:\/\/schema.org\",\"@graph\":[{\"@type\":\"WebPage\",\"@id\":\"https:\/\/parosrentcar.com\/de\/paros-sehenswurdigkeiten\/dilion\/\",\"url\":\"https:\/\/parosrentcar.com\/de\/paros-sehenswurdigkeiten\/dilion\/\",\"name\":\"Dilion - ParosEuropeanRent \u2013 Paros Mietwagen Griechenland\",\"isPartOf\":{\"@id\":\"https:\/\/parosrentcar.com\/de\/#website\"},\"datePublished\":\"2014-11-24T19:16:14+00:00\",\"dateModified\":\"2015-02-28T08:51:43+00:00\",\"description\":\"Dilion -Mieten Sie ein Auto, Buggy, Roller, Motorrad, quad, atv und entdecken Sie die Sehensw\u00fcrdigkeiten und die Str\u00e4nde von Paros.\",\"breadcrumb\":{\"@id\":\"https:\/\/parosrentcar.com\/de\/paros-sehenswurdigkeiten\/dilion\/#breadcrumb\"},\"inLanguage\":\"de\",\"potentialAction\":[{\"@type\":\"ReadAction\",\"target\":[\"https:\/\/parosrentcar.com\/de\/paros-sehenswurdigkeiten\/dilion\/\"]}]},{\"@type\":\"BreadcrumbList\",\"@id\":\"https:\/\/parosrentcar.com\/de\/paros-sehenswurdigkeiten\/dilion\/#breadcrumb\",\"itemListElement\":[{\"@type\":\"ListItem\",\"position\":1,\"name\":\"Home\",\"item\":\"https:\/\/parosrentcar.com\/de\/\"},{\"@type\":\"ListItem\",\"position\":2,\"name\":\"Sehensw\u00fcrdigkeiten\",\"item\":\"https:\/\/parosrentcar.com\/de\/paros-sehenswurdigkeiten\/\"},{\"@type\":\"ListItem\",\"position\":3,\"name\":\"Dilion\"}]},{\"@type\":\"WebSite\",\"@id\":\"https:\/\/parosrentcar.com\/de\/#website\",\"url\":\"https:\/\/parosrentcar.com\/de\/\",\"name\":\"\u039cietwagen in Paros Griechenland | Autovermietung in Paros Griechenland\",\"description\":\"\u039cietwagen in Paros Griechenland\",\"potentialAction\":[{\"@type\":\"SearchAction\",\"target\":{\"@type\":\"EntryPoint\",\"urlTemplate\":\"https:\/\/parosrentcar.com\/de\/?s={search_term_string}\"},\"query-input\":{\"@type\":\"PropertyValueSpecification\",\"valueRequired\":true,\"valueName\":\"search_term_string\"}}],\"inLanguage\":\"de\"}]}<\/script>\n<!-- \/ Yoast SEO plugin. -->","yoast_head_json":{"title":"Dilion - ParosEuropeanRent \u2013 Paros Mietwagen Griechenland","description":"Dilion -Mieten Sie ein Auto, Buggy, Roller, Motorrad, quad, atv und entdecken Sie die Sehensw\u00fcrdigkeiten und die Str\u00e4nde von Paros.","robots":{"index":"index","follow":"follow","max-snippet":"max-snippet:-1","max-image-preview":"max-image-preview:large","max-video-preview":"max-video-preview:-1"},"canonical":"https:\/\/parosrentcar.com\/de\/paros-sehenswurdigkeiten\/dilion\/","og_locale":"de_DE","og_type":"article","og_title":"Dilion - ParosEuropeanRent \u2013 Paros Mietwagen Griechenland","og_description":"Dilion -Mieten Sie ein Auto, Buggy, Roller, Motorrad, quad, atv und entdecken Sie die Sehensw\u00fcrdigkeiten und die Str\u00e4nde von Paros.","og_url":"https:\/\/parosrentcar.com\/de\/paros-sehenswurdigkeiten\/dilion\/","og_site_name":"\u039cietwagen in Paros Griechenland | Autovermietung in Paros Griechenland","article_publisher":"https:\/\/www.facebook.com\/paroscarrental","article_modified_time":"2015-02-28T08:51:43+00:00","twitter_card":"summary_large_image","twitter_site":"@parosrentcar","twitter_misc":{"Gesch\u00e4tzte Lesezeit":"1\u00a0Minute"},"schema":{"@context":"https:\/\/schema.org","@graph":[{"@type":"WebPage","@id":"https:\/\/parosrentcar.com\/de\/paros-sehenswurdigkeiten\/dilion\/","url":"https:\/\/parosrentcar.com\/de\/paros-sehenswurdigkeiten\/dilion\/","name":"Dilion - ParosEuropeanRent \u2013 Paros Mietwagen Griechenland","isPartOf":{"@id":"https:\/\/parosrentcar.com\/de\/#website"},"datePublished":"2014-11-24T19:16:14+00:00","dateModified":"2015-02-28T08:51:43+00:00","description":"Dilion -Mieten Sie ein Auto, Buggy, Roller, Motorrad, quad, atv und entdecken Sie die Sehensw\u00fcrdigkeiten und die Str\u00e4nde von Paros.","breadcrumb":{"@id":"https:\/\/parosrentcar.com\/de\/paros-sehenswurdigkeiten\/dilion\/#breadcrumb"},"inLanguage":"de","potentialAction":[{"@type":"ReadAction","target":["https:\/\/parosrentcar.com\/de\/paros-sehenswurdigkeiten\/dilion\/"]}]},{"@type":"BreadcrumbList","@id":"https:\/\/parosrentcar.com\/de\/paros-sehenswurdigkeiten\/dilion\/#breadcrumb","itemListElement":[{"@type":"ListItem","position":1,"name":"Home","item":"https:\/\/parosrentcar.com\/de\/"},{"@type":"ListItem","position":2,"name":"Sehensw\u00fcrdigkeiten","item":"https:\/\/parosrentcar.com\/de\/paros-sehenswurdigkeiten\/"},{"@type":"ListItem","position":3,"name":"Dilion"}]},{"@type":"WebSite","@id":"https:\/\/parosrentcar.com\/de\/#website","url":"https:\/\/parosrentcar.com\/de\/","name":"\u039cietwagen in Paros Griechenland | Autovermietung in Paros Griechenland","description":"\u039cietwagen in Paros Griechenland","potentialAction":[{"@type":"SearchAction","target":{"@type":"EntryPoint","urlTemplate":"https:\/\/parosrentcar.com\/de\/?s={search_term_string}"},"query-input":{"@type":"PropertyValueSpecification","valueRequired":true,"valueName":"search_term_string"}}],"inLanguage":"de"}]}},"_links":{"self":[{"href":"https:\/\/parosrentcar.com\/de\/wp-json\/wp\/v2\/pages\/1064","targetHints":{"allow":["GET"]}}],"collection":[{"href":"https:\/\/parosrentcar.com\/de\/wp-json\/wp\/v2\/pages"}],"about":[{"href":"https:\/\/parosrentcar.com\/de\/wp-json\/wp\/v2\/types\/page"}],"author":[{"embeddable":true,"href":"https:\/\/parosrentcar.com\/de\/wp-json\/wp\/v2\/users\/1"}],"replies":[{"embeddable":true,"href":"https:\/\/parosrentcar.com\/de\/wp-json\/wp\/v2\/comments?post=1064"}],"version-history":[{"count":1,"href":"https:\/\/parosrentcar.com\/de\/wp-json\/wp\/v2\/pages\/1064\/revisions"}],"predecessor-version":[{"id":2030,"href":"https:\/\/parosrentcar.com\/de\/wp-json\/wp\/v2\/pages\/1064\/revisions\/2030"}],"up":[{"embeddable":true,"href":"https:\/\/parosrentcar.com\/de\/wp-json\/wp\/v2\/pages\/1015"}],"wp:attachment":[{"href":"https:\/\/parosrentcar.com\/de\/wp-json\/wp\/v2\/media?parent=1064"}],"curies":[{"name":"wp","href":"https:\/\/api.w.org\/{rel}","templated":true}]}}