{"id":1062,"date":"2014-11-24T19:15:23","date_gmt":"2014-11-24T19:15:23","guid":{"rendered":"http:\/\/parosrentcar.com\/el\/?page_id=1062"},"modified":"2015-02-28T08:32:29","modified_gmt":"2015-02-28T08:32:29","slug":"das-tal-mit-den-schmetterlingen","status":"publish","type":"page","link":"https:\/\/parosrentcar.com\/de\/paros-sehenswurdigkeiten\/das-tal-mit-den-schmetterlingen\/","title":{"rendered":"Das Tal mit den Schmetterlingen"},"content":{"rendered":"<p>Nur wenigen Minuten \u00f6stlich von Parikia in der Gegend der Schmetterlinge treffen wir <strong>das Tal mit den Schmetterlingen<\/strong>. Diese \u00a0kleine, aber ganz gr\u00fcne Umgebung kommt im Gegensatz zu der \u00a0trockenen Landschaft der Insel und bietet \u00a0dem Besucher das Gef\u00fchl des Wanderns durch einen \u00a0dichten tropischen Wald, wo der Wind stark ist und der L\u00e4rms des laufenden Wassers anwesend ist. Diese kleine Gegend ist der\u00a0 Fortpflanzungsort, f\u00fcr<strong> eine bestimmte Art von Schmetterlingen<\/strong>, der Jersey Tiger genannt wird. Diese Art kann man durch seine gelben streichen im V- Form in den vorderen Fl\u00fcgeln und durch das lebendige rote Farbe mit den schwarzen Punkten in den hinteren Fl\u00fcgeln erkennen.<\/p>\n<p>Sie geb\u00e4ren ihre Eier im August und verbringen ihren Winter als Raupen, um in den ersten Fr\u00fchlingsmonaten als Schmetterlingen zu verwandeln. Die Schmetterlinge Jersey Tigers sind bekannt, dass sie sich auf den Bl\u00e4ttern\u00a0 von Efeu und auf schattigen Felsen versammeln. <strong>Das Tal der Schmetterlinge<\/strong> mit ihrer idealen Umwelt ist das perfekte Haus f\u00fcr diese Art und wohnt dort tausende Schmetterlinge. Am Anfang ist es schwer sie zu erkennen, aber bald wird ihnen bewusst das, was sie sehen, ein endloses Sticken \u00a0von Schmetterlingen ist. Dieses \u00a0Tal ist wirklich ein ganz ruhiger Ort zu besuchen.<\/p>\n","protected":false},"excerpt":{"rendered":"<p>Nur wenigen Minuten \u00f6stlich von Parikia in der Gegend der Schmetterlinge treffen wir das Tal mit den Schmetterlingen. Diese \u00a0kleine, aber ganz gr\u00fcne Umgebung kommt im Gegensatz zu der \u00a0trockenen Landschaft der Insel und bietet \u00a0dem Besucher das Gef\u00fchl des Wanderns durch einen \u00a0dichten tropischen Wald, wo der Wind stark ist und der L\u00e4rms des laufenden Wassers anwesend ist. Diese kleine Gegend ist der\u00a0 Fortpflanzungsort, f\u00fcr eine bestimmte Art von Schmetterlingen, der Jersey Tiger genannt wird. Diese Art kann man durch seine gelben streichen im V- Form in den vorderen Fl\u00fcgeln und durch das lebendige rote Farbe mit den schwarzen Punkten in den hinteren Fl\u00fcgeln erkennen. Sie geb\u00e4ren ihre Eier [&hellip;]<\/p>\n","protected":false},"author":1,"featured_media":0,"parent":1015,"menu_order":0,"comment_status":"closed","ping_status":"closed","template":"page-templates\/attraction.php","meta":{"footnotes":""},"class_list":["post-1062","page","type-page","status-publish","hentry"],"yoast_head":"<!-- This site is optimized with the Yoast SEO plugin v27.1.1 - https:\/\/yoast.com\/product\/yoast-seo-wordpress\/ -->\n<title>Das Tal mit den Schmetterlingen- ParosEuropeanRent \u2013 Paros Mietwagen Griechenland<\/title>\n<meta name=\"description\" content=\"Das Tal mit den Schmetterlingen-Mieten Sie ein Auto, Buggy, Roller, Motorrad, quad, atv und entdecken Sie die Sehensw\u00fcrdigkeiten und die Str\u00e4nde von Paros.\" \/>\n<meta name=\"robots\" content=\"index, follow, max-snippet:-1, max-image-preview:large, max-video-preview:-1\" \/>\n<link rel=\"canonical\" href=\"https:\/\/parosrentcar.com\/de\/paros-sehenswurdigkeiten\/das-tal-mit-den-schmetterlingen\/\" \/>\n<meta property=\"og:locale\" content=\"de_DE\" \/>\n<meta property=\"og:type\" content=\"article\" \/>\n<meta property=\"og:title\" content=\"Das Tal mit den Schmetterlingen- ParosEuropeanRent \u2013 Paros Mietwagen Griechenland\" \/>\n<meta property=\"og:description\" content=\"Das Tal mit den Schmetterlingen-Mieten Sie ein Auto, Buggy, Roller, Motorrad, quad, atv und entdecken Sie die Sehensw\u00fcrdigkeiten und die Str\u00e4nde von Paros.\" \/>\n<meta property=\"og:url\" content=\"https:\/\/parosrentcar.com\/de\/paros-sehenswurdigkeiten\/das-tal-mit-den-schmetterlingen\/\" \/>\n<meta property=\"og:site_name\" content=\"\u039cietwagen in Paros Griechenland | Autovermietung in Paros Griechenland\" \/>\n<meta property=\"article:publisher\" content=\"https:\/\/www.facebook.com\/paroscarrental\" \/>\n<meta property=\"article:modified_time\" content=\"2015-02-28T08:32:29+00:00\" \/>\n<meta name=\"twitter:card\" content=\"summary_large_image\" \/>\n<meta name=\"twitter:site\" content=\"@parosrentcar\" \/>\n<meta name=\"twitter:label1\" content=\"Gesch\u00e4tzte Lesezeit\" \/>\n\t<meta name=\"twitter:data1\" content=\"1\u00a0Minute\" \/>\n<script type=\"application\/ld+json\" class=\"yoast-schema-graph\">{\"@context\":\"https:\/\/schema.org\",\"@graph\":[{\"@type\":\"WebPage\",\"@id\":\"https:\/\/parosrentcar.com\/de\/paros-sehenswurdigkeiten\/das-tal-mit-den-schmetterlingen\/\",\"url\":\"https:\/\/parosrentcar.com\/de\/paros-sehenswurdigkeiten\/das-tal-mit-den-schmetterlingen\/\",\"name\":\"Das Tal mit den Schmetterlingen- ParosEuropeanRent \u2013 Paros Mietwagen Griechenland\",\"isPartOf\":{\"@id\":\"https:\/\/parosrentcar.com\/de\/#website\"},\"datePublished\":\"2014-11-24T19:15:23+00:00\",\"dateModified\":\"2015-02-28T08:32:29+00:00\",\"description\":\"Das Tal mit den Schmetterlingen-Mieten Sie ein Auto, Buggy, Roller, Motorrad, quad, atv und entdecken Sie die Sehensw\u00fcrdigkeiten und die Str\u00e4nde von Paros.\",\"breadcrumb\":{\"@id\":\"https:\/\/parosrentcar.com\/de\/paros-sehenswurdigkeiten\/das-tal-mit-den-schmetterlingen\/#breadcrumb\"},\"inLanguage\":\"de\",\"potentialAction\":[{\"@type\":\"ReadAction\",\"target\":[\"https:\/\/parosrentcar.com\/de\/paros-sehenswurdigkeiten\/das-tal-mit-den-schmetterlingen\/\"]}]},{\"@type\":\"BreadcrumbList\",\"@id\":\"https:\/\/parosrentcar.com\/de\/paros-sehenswurdigkeiten\/das-tal-mit-den-schmetterlingen\/#breadcrumb\",\"itemListElement\":[{\"@type\":\"ListItem\",\"position\":1,\"name\":\"Home\",\"item\":\"https:\/\/parosrentcar.com\/de\/\"},{\"@type\":\"ListItem\",\"position\":2,\"name\":\"Sehensw\u00fcrdigkeiten\",\"item\":\"https:\/\/parosrentcar.com\/de\/paros-sehenswurdigkeiten\/\"},{\"@type\":\"ListItem\",\"position\":3,\"name\":\"Das Tal mit den Schmetterlingen\"}]},{\"@type\":\"WebSite\",\"@id\":\"https:\/\/parosrentcar.com\/de\/#website\",\"url\":\"https:\/\/parosrentcar.com\/de\/\",\"name\":\"\u039cietwagen in Paros Griechenland | Autovermietung in Paros Griechenland\",\"description\":\"\u039cietwagen in Paros Griechenland\",\"potentialAction\":[{\"@type\":\"SearchAction\",\"target\":{\"@type\":\"EntryPoint\",\"urlTemplate\":\"https:\/\/parosrentcar.com\/de\/?s={search_term_string}\"},\"query-input\":{\"@type\":\"PropertyValueSpecification\",\"valueRequired\":true,\"valueName\":\"search_term_string\"}}],\"inLanguage\":\"de\"}]}<\/script>\n<!-- \/ Yoast SEO plugin. -->","yoast_head_json":{"title":"Das Tal mit den Schmetterlingen- ParosEuropeanRent \u2013 Paros Mietwagen Griechenland","description":"Das Tal mit den Schmetterlingen-Mieten Sie ein Auto, Buggy, Roller, Motorrad, quad, atv und entdecken Sie die Sehensw\u00fcrdigkeiten und die Str\u00e4nde von Paros.","robots":{"index":"index","follow":"follow","max-snippet":"max-snippet:-1","max-image-preview":"max-image-preview:large","max-video-preview":"max-video-preview:-1"},"canonical":"https:\/\/parosrentcar.com\/de\/paros-sehenswurdigkeiten\/das-tal-mit-den-schmetterlingen\/","og_locale":"de_DE","og_type":"article","og_title":"Das Tal mit den Schmetterlingen- ParosEuropeanRent \u2013 Paros Mietwagen Griechenland","og_description":"Das Tal mit den Schmetterlingen-Mieten Sie ein Auto, Buggy, Roller, Motorrad, quad, atv und entdecken Sie die Sehensw\u00fcrdigkeiten und die Str\u00e4nde von Paros.","og_url":"https:\/\/parosrentcar.com\/de\/paros-sehenswurdigkeiten\/das-tal-mit-den-schmetterlingen\/","og_site_name":"\u039cietwagen in Paros Griechenland | Autovermietung in Paros Griechenland","article_publisher":"https:\/\/www.facebook.com\/paroscarrental","article_modified_time":"2015-02-28T08:32:29+00:00","twitter_card":"summary_large_image","twitter_site":"@parosrentcar","twitter_misc":{"Gesch\u00e4tzte Lesezeit":"1\u00a0Minute"},"schema":{"@context":"https:\/\/schema.org","@graph":[{"@type":"WebPage","@id":"https:\/\/parosrentcar.com\/de\/paros-sehenswurdigkeiten\/das-tal-mit-den-schmetterlingen\/","url":"https:\/\/parosrentcar.com\/de\/paros-sehenswurdigkeiten\/das-tal-mit-den-schmetterlingen\/","name":"Das Tal mit den Schmetterlingen- ParosEuropeanRent \u2013 Paros Mietwagen Griechenland","isPartOf":{"@id":"https:\/\/parosrentcar.com\/de\/#website"},"datePublished":"2014-11-24T19:15:23+00:00","dateModified":"2015-02-28T08:32:29+00:00","description":"Das Tal mit den Schmetterlingen-Mieten Sie ein Auto, Buggy, Roller, Motorrad, quad, atv und entdecken Sie die Sehensw\u00fcrdigkeiten und die Str\u00e4nde von Paros.","breadcrumb":{"@id":"https:\/\/parosrentcar.com\/de\/paros-sehenswurdigkeiten\/das-tal-mit-den-schmetterlingen\/#breadcrumb"},"inLanguage":"de","potentialAction":[{"@type":"ReadAction","target":["https:\/\/parosrentcar.com\/de\/paros-sehenswurdigkeiten\/das-tal-mit-den-schmetterlingen\/"]}]},{"@type":"BreadcrumbList","@id":"https:\/\/parosrentcar.com\/de\/paros-sehenswurdigkeiten\/das-tal-mit-den-schmetterlingen\/#breadcrumb","itemListElement":[{"@type":"ListItem","position":1,"name":"Home","item":"https:\/\/parosrentcar.com\/de\/"},{"@type":"ListItem","position":2,"name":"Sehensw\u00fcrdigkeiten","item":"https:\/\/parosrentcar.com\/de\/paros-sehenswurdigkeiten\/"},{"@type":"ListItem","position":3,"name":"Das Tal mit den Schmetterlingen"}]},{"@type":"WebSite","@id":"https:\/\/parosrentcar.com\/de\/#website","url":"https:\/\/parosrentcar.com\/de\/","name":"\u039cietwagen in Paros Griechenland | Autovermietung in Paros Griechenland","description":"\u039cietwagen in Paros Griechenland","potentialAction":[{"@type":"SearchAction","target":{"@type":"EntryPoint","urlTemplate":"https:\/\/parosrentcar.com\/de\/?s={search_term_string}"},"query-input":{"@type":"PropertyValueSpecification","valueRequired":true,"valueName":"search_term_string"}}],"inLanguage":"de"}]}},"_links":{"self":[{"href":"https:\/\/parosrentcar.com\/de\/wp-json\/wp\/v2\/pages\/1062","targetHints":{"allow":["GET"]}}],"collection":[{"href":"https:\/\/parosrentcar.com\/de\/wp-json\/wp\/v2\/pages"}],"about":[{"href":"https:\/\/parosrentcar.com\/de\/wp-json\/wp\/v2\/types\/page"}],"author":[{"embeddable":true,"href":"https:\/\/parosrentcar.com\/de\/wp-json\/wp\/v2\/users\/1"}],"replies":[{"embeddable":true,"href":"https:\/\/parosrentcar.com\/de\/wp-json\/wp\/v2\/comments?post=1062"}],"version-history":[{"count":2,"href":"https:\/\/parosrentcar.com\/de\/wp-json\/wp\/v2\/pages\/1062\/revisions"}],"predecessor-version":[{"id":2024,"href":"https:\/\/parosrentcar.com\/de\/wp-json\/wp\/v2\/pages\/1062\/revisions\/2024"}],"up":[{"embeddable":true,"href":"https:\/\/parosrentcar.com\/de\/wp-json\/wp\/v2\/pages\/1015"}],"wp:attachment":[{"href":"https:\/\/parosrentcar.com\/de\/wp-json\/wp\/v2\/media?parent=1062"}],"curies":[{"name":"wp","href":"https:\/\/api.w.org\/{rel}","templated":true}]}}