{"id":1060,"date":"2014-11-24T19:14:16","date_gmt":"2014-11-24T19:14:16","guid":{"rendered":"http:\/\/parosrentcar.com\/el\/?page_id=1060"},"modified":"2015-02-28T09:03:57","modified_gmt":"2015-02-28T09:03:57","slug":"archaeologisches-museum","status":"publish","type":"page","link":"https:\/\/parosrentcar.com\/de\/paros-sehenswurdigkeiten\/archaeologisches-museum\/","title":{"rendered":"Arch\u00e4ologisches Museum"},"content":{"rendered":"<p>Das <strong>Museum<\/strong> wird im Jahr 1960 gegr\u00fcndet, um die Altert\u00fcmer zu unterbringen, die bis dann in Zellen des Klosters Ektontapiliani aufbewahrt werden.<\/p>\n<p>Das Museum enth\u00e4lt folgende <strong>Sammlungen<\/strong>:<\/p>\n<ul>\n<li>Raum A : Skulptur aus der antiken und klassischen Zeit<\/li>\n<li>Raum\u00a0 B : Kleine keramische und ausgemei\u00dfelte Objekte, die aus der neolithischen, erste kykladitische, mykenische, geometrische, archaische, klassische, hellenistische und r\u00f6mische Zeit kommen.<\/li>\n<li>Atrium : Skulptur und architektonische Objekte, Urnen \/S\u00e4rge \u00a0f\u00fcr Beisetzung und Boden mit Mosaik aus der r\u00f6mischen Zeit.<\/li>\n<\/ul>\n<p>Einige aus den <strong>wichtigsten Exponaten<\/strong> sind:<\/p>\n<ul>\n<li>Skulptur einer Meerjungfrau ungef\u00e4hr 1,35 m gro\u00df aus dem 6. Jahrhundert, in fast perfektem Zustand. Diese Skulptur war das Hauptmerkmal des Tempels, Es wird im Jahr 1993 w\u00e4hrend Ausgrabungen in einem \u00f6ffentlichen Geb\u00e4ude gefunden.<\/li>\n<li>Zwei Platten aus Marmor von einem Monument von Archilochos, hergestellt am Ende des 6. Jahrhundert. Die eine zeigt den toten Archilocho und die andere ein Stier, das von einem L\u00f6wen gefressen wird. Beide Teile werden in den Boden des Hofes von Ektontapiliani integriert<\/li>\n<li>Gigantische Statue aus Marmor von \u00a0Artemida (490 \u2013 480 v. Chr. )des Tempels von Dilios in Paros 2, 74\u00a0 m gro\u00df (inklusive der Steine ). Es ist ein Verehrungsskulptur, das den Typ der archaischen&#8222; Tochter &#8222; zeigt, die Stola tr\u00e4gt.<\/li>\n<li>Neolithische weibliche G\u00f6ttin sitzt im Schneidersitz mit den H\u00e4nden unter der Brust ( die Leihe ist 0, 0055 m gro\u00df ). Sie wird auf der Insel Saliagos zwischen Paros und Antiparos gefunden.<\/li>\n<li>Eine Inschrift von Parios Chronikos enth\u00e4lt geschichtliche, religi\u00f6se und philologische Informationen, die von den vorgeschtilichen Jahren bis 264 nach Christus stammen. Eine der Platten wird hier in Paros ausgestellt und die zwei anderen bleiben in Oxford.<\/li>\n<\/ul>\n","protected":false},"excerpt":{"rendered":"<p>Das Museum wird im Jahr 1960 gegr\u00fcndet, um die Altert\u00fcmer zu unterbringen, die bis dann in Zellen des Klosters Ektontapiliani aufbewahrt werden. Das Museum enth\u00e4lt folgende Sammlungen: Raum A : Skulptur aus der antiken und klassischen Zeit Raum\u00a0 B : Kleine keramische und ausgemei\u00dfelte Objekte, die aus der neolithischen, erste kykladitische, mykenische, geometrische, archaische, klassische, hellenistische und r\u00f6mische Zeit kommen. Atrium : Skulptur und architektonische Objekte, Urnen \/S\u00e4rge \u00a0f\u00fcr Beisetzung und Boden mit Mosaik aus der r\u00f6mischen Zeit. Einige aus den wichtigsten Exponaten sind: Skulptur einer Meerjungfrau ungef\u00e4hr 1,35 m gro\u00df aus dem 6. Jahrhundert, in fast perfektem Zustand. Diese Skulptur war das Hauptmerkmal des Tempels, Es wird im Jahr [&hellip;]<\/p>\n","protected":false},"author":1,"featured_media":0,"parent":1015,"menu_order":0,"comment_status":"closed","ping_status":"closed","template":"page-templates\/attraction.php","meta":{"footnotes":""},"class_list":["post-1060","page","type-page","status-publish","hentry"],"yoast_head":"<!-- This site is optimized with the Yoast SEO plugin v27.1.1 - https:\/\/yoast.com\/product\/yoast-seo-wordpress\/ -->\n<title>Arch\u00e4ologisches Museum - ParosEuropeanRent \u2013 Paros Mietwagen Griechenland<\/title>\n<meta name=\"description\" content=\"Arch\u00e4ologisches Museum -Mieten Sie ein Auto, Buggy, Roller, Motorrad, quad, atv und entdecken Sie die Sehensw\u00fcrdigkeiten und die Str\u00e4nde von Paros.\" \/>\n<meta name=\"robots\" content=\"index, follow, max-snippet:-1, max-image-preview:large, max-video-preview:-1\" \/>\n<link rel=\"canonical\" href=\"https:\/\/parosrentcar.com\/de\/paros-sehenswurdigkeiten\/archaeologisches-museum\/\" \/>\n<meta property=\"og:locale\" content=\"de_DE\" \/>\n<meta property=\"og:type\" content=\"article\" \/>\n<meta property=\"og:title\" content=\"Arch\u00e4ologisches Museum - ParosEuropeanRent \u2013 Paros Mietwagen Griechenland\" \/>\n<meta property=\"og:description\" content=\"Arch\u00e4ologisches Museum -Mieten Sie ein Auto, Buggy, Roller, Motorrad, quad, atv und entdecken Sie die Sehensw\u00fcrdigkeiten und die Str\u00e4nde von Paros.\" \/>\n<meta property=\"og:url\" content=\"https:\/\/parosrentcar.com\/de\/paros-sehenswurdigkeiten\/archaeologisches-museum\/\" \/>\n<meta property=\"og:site_name\" content=\"\u039cietwagen in Paros Griechenland | Autovermietung in Paros Griechenland\" \/>\n<meta property=\"article:publisher\" content=\"https:\/\/www.facebook.com\/paroscarrental\" \/>\n<meta property=\"article:modified_time\" content=\"2015-02-28T09:03:57+00:00\" \/>\n<meta name=\"twitter:card\" content=\"summary_large_image\" \/>\n<meta name=\"twitter:site\" content=\"@parosrentcar\" \/>\n<meta name=\"twitter:label1\" content=\"Gesch\u00e4tzte Lesezeit\" \/>\n\t<meta name=\"twitter:data1\" content=\"1\u00a0Minute\" \/>\n<script type=\"application\/ld+json\" class=\"yoast-schema-graph\">{\"@context\":\"https:\/\/schema.org\",\"@graph\":[{\"@type\":\"WebPage\",\"@id\":\"https:\/\/parosrentcar.com\/de\/paros-sehenswurdigkeiten\/archaeologisches-museum\/\",\"url\":\"https:\/\/parosrentcar.com\/de\/paros-sehenswurdigkeiten\/archaeologisches-museum\/\",\"name\":\"Arch\u00e4ologisches Museum - ParosEuropeanRent \u2013 Paros Mietwagen Griechenland\",\"isPartOf\":{\"@id\":\"https:\/\/parosrentcar.com\/de\/#website\"},\"datePublished\":\"2014-11-24T19:14:16+00:00\",\"dateModified\":\"2015-02-28T09:03:57+00:00\",\"description\":\"Arch\u00e4ologisches Museum -Mieten Sie ein Auto, Buggy, Roller, Motorrad, quad, atv und entdecken Sie die Sehensw\u00fcrdigkeiten und die Str\u00e4nde von Paros.\",\"breadcrumb\":{\"@id\":\"https:\/\/parosrentcar.com\/de\/paros-sehenswurdigkeiten\/archaeologisches-museum\/#breadcrumb\"},\"inLanguage\":\"de\",\"potentialAction\":[{\"@type\":\"ReadAction\",\"target\":[\"https:\/\/parosrentcar.com\/de\/paros-sehenswurdigkeiten\/archaeologisches-museum\/\"]}]},{\"@type\":\"BreadcrumbList\",\"@id\":\"https:\/\/parosrentcar.com\/de\/paros-sehenswurdigkeiten\/archaeologisches-museum\/#breadcrumb\",\"itemListElement\":[{\"@type\":\"ListItem\",\"position\":1,\"name\":\"Home\",\"item\":\"https:\/\/parosrentcar.com\/de\/\"},{\"@type\":\"ListItem\",\"position\":2,\"name\":\"Sehensw\u00fcrdigkeiten\",\"item\":\"https:\/\/parosrentcar.com\/de\/paros-sehenswurdigkeiten\/\"},{\"@type\":\"ListItem\",\"position\":3,\"name\":\"Arch\u00e4ologisches Museum\"}]},{\"@type\":\"WebSite\",\"@id\":\"https:\/\/parosrentcar.com\/de\/#website\",\"url\":\"https:\/\/parosrentcar.com\/de\/\",\"name\":\"\u039cietwagen in Paros Griechenland | Autovermietung in Paros Griechenland\",\"description\":\"\u039cietwagen in Paros Griechenland\",\"potentialAction\":[{\"@type\":\"SearchAction\",\"target\":{\"@type\":\"EntryPoint\",\"urlTemplate\":\"https:\/\/parosrentcar.com\/de\/?s={search_term_string}\"},\"query-input\":{\"@type\":\"PropertyValueSpecification\",\"valueRequired\":true,\"valueName\":\"search_term_string\"}}],\"inLanguage\":\"de\"}]}<\/script>\n<!-- \/ Yoast SEO plugin. -->","yoast_head_json":{"title":"Arch\u00e4ologisches Museum - ParosEuropeanRent \u2013 Paros Mietwagen Griechenland","description":"Arch\u00e4ologisches Museum -Mieten Sie ein Auto, Buggy, Roller, Motorrad, quad, atv und entdecken Sie die Sehensw\u00fcrdigkeiten und die Str\u00e4nde von Paros.","robots":{"index":"index","follow":"follow","max-snippet":"max-snippet:-1","max-image-preview":"max-image-preview:large","max-video-preview":"max-video-preview:-1"},"canonical":"https:\/\/parosrentcar.com\/de\/paros-sehenswurdigkeiten\/archaeologisches-museum\/","og_locale":"de_DE","og_type":"article","og_title":"Arch\u00e4ologisches Museum - ParosEuropeanRent \u2013 Paros Mietwagen Griechenland","og_description":"Arch\u00e4ologisches Museum -Mieten Sie ein Auto, Buggy, Roller, Motorrad, quad, atv und entdecken Sie die Sehensw\u00fcrdigkeiten und die Str\u00e4nde von Paros.","og_url":"https:\/\/parosrentcar.com\/de\/paros-sehenswurdigkeiten\/archaeologisches-museum\/","og_site_name":"\u039cietwagen in Paros Griechenland | Autovermietung in Paros Griechenland","article_publisher":"https:\/\/www.facebook.com\/paroscarrental","article_modified_time":"2015-02-28T09:03:57+00:00","twitter_card":"summary_large_image","twitter_site":"@parosrentcar","twitter_misc":{"Gesch\u00e4tzte Lesezeit":"1\u00a0Minute"},"schema":{"@context":"https:\/\/schema.org","@graph":[{"@type":"WebPage","@id":"https:\/\/parosrentcar.com\/de\/paros-sehenswurdigkeiten\/archaeologisches-museum\/","url":"https:\/\/parosrentcar.com\/de\/paros-sehenswurdigkeiten\/archaeologisches-museum\/","name":"Arch\u00e4ologisches Museum - ParosEuropeanRent \u2013 Paros Mietwagen Griechenland","isPartOf":{"@id":"https:\/\/parosrentcar.com\/de\/#website"},"datePublished":"2014-11-24T19:14:16+00:00","dateModified":"2015-02-28T09:03:57+00:00","description":"Arch\u00e4ologisches Museum -Mieten Sie ein Auto, Buggy, Roller, Motorrad, quad, atv und entdecken Sie die Sehensw\u00fcrdigkeiten und die Str\u00e4nde von Paros.","breadcrumb":{"@id":"https:\/\/parosrentcar.com\/de\/paros-sehenswurdigkeiten\/archaeologisches-museum\/#breadcrumb"},"inLanguage":"de","potentialAction":[{"@type":"ReadAction","target":["https:\/\/parosrentcar.com\/de\/paros-sehenswurdigkeiten\/archaeologisches-museum\/"]}]},{"@type":"BreadcrumbList","@id":"https:\/\/parosrentcar.com\/de\/paros-sehenswurdigkeiten\/archaeologisches-museum\/#breadcrumb","itemListElement":[{"@type":"ListItem","position":1,"name":"Home","item":"https:\/\/parosrentcar.com\/de\/"},{"@type":"ListItem","position":2,"name":"Sehensw\u00fcrdigkeiten","item":"https:\/\/parosrentcar.com\/de\/paros-sehenswurdigkeiten\/"},{"@type":"ListItem","position":3,"name":"Arch\u00e4ologisches Museum"}]},{"@type":"WebSite","@id":"https:\/\/parosrentcar.com\/de\/#website","url":"https:\/\/parosrentcar.com\/de\/","name":"\u039cietwagen in Paros Griechenland | Autovermietung in Paros Griechenland","description":"\u039cietwagen in Paros Griechenland","potentialAction":[{"@type":"SearchAction","target":{"@type":"EntryPoint","urlTemplate":"https:\/\/parosrentcar.com\/de\/?s={search_term_string}"},"query-input":{"@type":"PropertyValueSpecification","valueRequired":true,"valueName":"search_term_string"}}],"inLanguage":"de"}]}},"_links":{"self":[{"href":"https:\/\/parosrentcar.com\/de\/wp-json\/wp\/v2\/pages\/1060","targetHints":{"allow":["GET"]}}],"collection":[{"href":"https:\/\/parosrentcar.com\/de\/wp-json\/wp\/v2\/pages"}],"about":[{"href":"https:\/\/parosrentcar.com\/de\/wp-json\/wp\/v2\/types\/page"}],"author":[{"embeddable":true,"href":"https:\/\/parosrentcar.com\/de\/wp-json\/wp\/v2\/users\/1"}],"replies":[{"embeddable":true,"href":"https:\/\/parosrentcar.com\/de\/wp-json\/wp\/v2\/comments?post=1060"}],"version-history":[{"count":2,"href":"https:\/\/parosrentcar.com\/de\/wp-json\/wp\/v2\/pages\/1060\/revisions"}],"predecessor-version":[{"id":2035,"href":"https:\/\/parosrentcar.com\/de\/wp-json\/wp\/v2\/pages\/1060\/revisions\/2035"}],"up":[{"embeddable":true,"href":"https:\/\/parosrentcar.com\/de\/wp-json\/wp\/v2\/pages\/1015"}],"wp:attachment":[{"href":"https:\/\/parosrentcar.com\/de\/wp-json\/wp\/v2\/media?parent=1060"}],"curies":[{"name":"wp","href":"https:\/\/api.w.org\/{rel}","templated":true}]}}