{"id":1028,"date":"2014-11-24T09:16:43","date_gmt":"2014-11-24T09:16:43","guid":{"rendered":"http:\/\/parosrentcar.com\/el\/?page_id=1028"},"modified":"2015-02-28T05:38:43","modified_gmt":"2015-02-28T05:38:43","slug":"livadia","status":"publish","type":"page","link":"https:\/\/parosrentcar.com\/de\/paros-strande\/livadia\/","title":{"rendered":"Livadia"},"content":{"rendered":"<p>Im Norden von Parikia, in der Gegend Livadia gibt es einen <strong>sehr guten organisierten Strand<\/strong> mit ganz klarem \u00a0Meer. Der <strong>Strand Livadia<\/strong> befindet sich in der Stadt von Paros, nur 1 km vom Hafen entfernt.<\/p>\n<p>Es geht um einen gro\u00dfen Strand mit <strong>Sand<\/strong> und mit\u00a0 ganz klarem \u00a0Meer. Au\u00dferdem bieten die <strong>vielen B\u00e4umen<\/strong> am Strand einen tollen nat\u00fcrlichen Schatten. Er \u00a0liegt ganz in der N\u00e4he der Stadt von Paros, darum ist er ein ideales Ziel f\u00fcr ein schnelles Springen ins Wasser. Es ist ein sch\u00f6ner Strand, ganz geeignet f\u00fcr diejenigen, die sich nicht viel von ihrer Unterkunft entfernen wollen. Er verf\u00fcgt \u00fcber so Liegest\u00fchlen, Sonnenschirmen, wie auch Tavernen \u00a0\u00a0und Bars direkt am Strand. Zum Schluss haben Sie auch die M\u00f6glichkeit <strong>Wassersports <\/strong>zu probieren.<\/p>\n<p>Den Strand k\u00f6nnen Sie mit dem Bus erreichen, au\u00dfer wenn Sie in der N\u00e4he wohnen, dann k\u00f6nnen Sie dorthin zu Fu\u00df gehen. In der Hauptstadt von Paros gibt es sehr viele Hotels und\u00a0 Zimmer zum\u00a0\u00a0 Mieten, deswegen ist es f\u00fcr Sie leicht eine geeignete Unterkunft zu finden.<\/p>\n","protected":false},"excerpt":{"rendered":"<p>Im Norden von Parikia, in der Gegend Livadia gibt es einen sehr guten organisierten Strand mit ganz klarem \u00a0Meer. Der Strand Livadia befindet sich in der Stadt von Paros, nur 1 km vom Hafen entfernt. Es geht um einen gro\u00dfen Strand mit Sand und mit\u00a0 ganz klarem \u00a0Meer. Au\u00dferdem bieten die vielen B\u00e4umen am Strand einen tollen nat\u00fcrlichen Schatten. Er \u00a0liegt ganz in der N\u00e4he der Stadt von Paros, darum ist er ein ideales Ziel f\u00fcr ein schnelles Springen ins Wasser. Es ist ein sch\u00f6ner Strand, ganz geeignet f\u00fcr diejenigen, die sich nicht viel von ihrer Unterkunft entfernen wollen. Er verf\u00fcgt \u00fcber so Liegest\u00fchlen, Sonnenschirmen, wie auch Tavernen \u00a0\u00a0und Bars [&hellip;]<\/p>\n","protected":false},"author":1,"featured_media":0,"parent":1026,"menu_order":0,"comment_status":"closed","ping_status":"closed","template":"page-templates\/attraction.php","meta":{"footnotes":""},"class_list":["post-1028","page","type-page","status-publish","hentry"],"yoast_head":"<!-- This site is optimized with the Yoast SEO plugin v27.1.1 - https:\/\/yoast.com\/product\/yoast-seo-wordpress\/ -->\n<title>Livadia- ParosEuropeanRent \u2013 Paros Mietwagen Griechenland<\/title>\n<meta name=\"description\" content=\"Livadia-Mieten Sie ein Auto, Buggy, Roller, Motorrad, quad, atv und entdecken Sie die Sehensw\u00fcrdigkeiten und die Str\u00e4nde von Paros.\" \/>\n<meta name=\"robots\" content=\"index, follow, max-snippet:-1, max-image-preview:large, max-video-preview:-1\" \/>\n<link rel=\"canonical\" href=\"https:\/\/parosrentcar.com\/de\/paros-strande\/livadia\/\" \/>\n<meta property=\"og:locale\" content=\"de_DE\" \/>\n<meta property=\"og:type\" content=\"article\" \/>\n<meta property=\"og:title\" content=\"Livadia- ParosEuropeanRent \u2013 Paros Mietwagen Griechenland\" \/>\n<meta property=\"og:description\" content=\"Livadia-Mieten Sie ein Auto, Buggy, Roller, Motorrad, quad, atv und entdecken Sie die Sehensw\u00fcrdigkeiten und die Str\u00e4nde von Paros.\" \/>\n<meta property=\"og:url\" content=\"https:\/\/parosrentcar.com\/de\/paros-strande\/livadia\/\" \/>\n<meta property=\"og:site_name\" content=\"\u039cietwagen in Paros Griechenland | Autovermietung in Paros Griechenland\" \/>\n<meta property=\"article:publisher\" content=\"https:\/\/www.facebook.com\/paroscarrental\" \/>\n<meta property=\"article:modified_time\" content=\"2015-02-28T05:38:43+00:00\" \/>\n<meta name=\"twitter:card\" content=\"summary_large_image\" \/>\n<meta name=\"twitter:site\" content=\"@parosrentcar\" \/>\n<meta name=\"twitter:label1\" content=\"Gesch\u00e4tzte Lesezeit\" \/>\n\t<meta name=\"twitter:data1\" content=\"1\u00a0Minute\" \/>\n<script type=\"application\/ld+json\" class=\"yoast-schema-graph\">{\"@context\":\"https:\/\/schema.org\",\"@graph\":[{\"@type\":\"WebPage\",\"@id\":\"https:\/\/parosrentcar.com\/de\/paros-strande\/livadia\/\",\"url\":\"https:\/\/parosrentcar.com\/de\/paros-strande\/livadia\/\",\"name\":\"Livadia- ParosEuropeanRent \u2013 Paros Mietwagen Griechenland\",\"isPartOf\":{\"@id\":\"https:\/\/parosrentcar.com\/de\/#website\"},\"datePublished\":\"2014-11-24T09:16:43+00:00\",\"dateModified\":\"2015-02-28T05:38:43+00:00\",\"description\":\"Livadia-Mieten Sie ein Auto, Buggy, Roller, Motorrad, quad, atv und entdecken Sie die Sehensw\u00fcrdigkeiten und die Str\u00e4nde von Paros.\",\"breadcrumb\":{\"@id\":\"https:\/\/parosrentcar.com\/de\/paros-strande\/livadia\/#breadcrumb\"},\"inLanguage\":\"de\",\"potentialAction\":[{\"@type\":\"ReadAction\",\"target\":[\"https:\/\/parosrentcar.com\/de\/paros-strande\/livadia\/\"]}]},{\"@type\":\"BreadcrumbList\",\"@id\":\"https:\/\/parosrentcar.com\/de\/paros-strande\/livadia\/#breadcrumb\",\"itemListElement\":[{\"@type\":\"ListItem\",\"position\":1,\"name\":\"Home\",\"item\":\"https:\/\/parosrentcar.com\/de\/\"},{\"@type\":\"ListItem\",\"position\":2,\"name\":\"Str\u00e4nde\",\"item\":\"https:\/\/parosrentcar.com\/de\/paros-strande\/\"},{\"@type\":\"ListItem\",\"position\":3,\"name\":\"Livadia\"}]},{\"@type\":\"WebSite\",\"@id\":\"https:\/\/parosrentcar.com\/de\/#website\",\"url\":\"https:\/\/parosrentcar.com\/de\/\",\"name\":\"\u039cietwagen in Paros Griechenland | Autovermietung in Paros Griechenland\",\"description\":\"\u039cietwagen in Paros Griechenland\",\"potentialAction\":[{\"@type\":\"SearchAction\",\"target\":{\"@type\":\"EntryPoint\",\"urlTemplate\":\"https:\/\/parosrentcar.com\/de\/?s={search_term_string}\"},\"query-input\":{\"@type\":\"PropertyValueSpecification\",\"valueRequired\":true,\"valueName\":\"search_term_string\"}}],\"inLanguage\":\"de\"}]}<\/script>\n<!-- \/ Yoast SEO plugin. -->","yoast_head_json":{"title":"Livadia- ParosEuropeanRent \u2013 Paros Mietwagen Griechenland","description":"Livadia-Mieten Sie ein Auto, Buggy, Roller, Motorrad, quad, atv und entdecken Sie die Sehensw\u00fcrdigkeiten und die Str\u00e4nde von Paros.","robots":{"index":"index","follow":"follow","max-snippet":"max-snippet:-1","max-image-preview":"max-image-preview:large","max-video-preview":"max-video-preview:-1"},"canonical":"https:\/\/parosrentcar.com\/de\/paros-strande\/livadia\/","og_locale":"de_DE","og_type":"article","og_title":"Livadia- ParosEuropeanRent \u2013 Paros Mietwagen Griechenland","og_description":"Livadia-Mieten Sie ein Auto, Buggy, Roller, Motorrad, quad, atv und entdecken Sie die Sehensw\u00fcrdigkeiten und die Str\u00e4nde von Paros.","og_url":"https:\/\/parosrentcar.com\/de\/paros-strande\/livadia\/","og_site_name":"\u039cietwagen in Paros Griechenland | Autovermietung in Paros Griechenland","article_publisher":"https:\/\/www.facebook.com\/paroscarrental","article_modified_time":"2015-02-28T05:38:43+00:00","twitter_card":"summary_large_image","twitter_site":"@parosrentcar","twitter_misc":{"Gesch\u00e4tzte Lesezeit":"1\u00a0Minute"},"schema":{"@context":"https:\/\/schema.org","@graph":[{"@type":"WebPage","@id":"https:\/\/parosrentcar.com\/de\/paros-strande\/livadia\/","url":"https:\/\/parosrentcar.com\/de\/paros-strande\/livadia\/","name":"Livadia- ParosEuropeanRent \u2013 Paros Mietwagen Griechenland","isPartOf":{"@id":"https:\/\/parosrentcar.com\/de\/#website"},"datePublished":"2014-11-24T09:16:43+00:00","dateModified":"2015-02-28T05:38:43+00:00","description":"Livadia-Mieten Sie ein Auto, Buggy, Roller, Motorrad, quad, atv und entdecken Sie die Sehensw\u00fcrdigkeiten und die Str\u00e4nde von Paros.","breadcrumb":{"@id":"https:\/\/parosrentcar.com\/de\/paros-strande\/livadia\/#breadcrumb"},"inLanguage":"de","potentialAction":[{"@type":"ReadAction","target":["https:\/\/parosrentcar.com\/de\/paros-strande\/livadia\/"]}]},{"@type":"BreadcrumbList","@id":"https:\/\/parosrentcar.com\/de\/paros-strande\/livadia\/#breadcrumb","itemListElement":[{"@type":"ListItem","position":1,"name":"Home","item":"https:\/\/parosrentcar.com\/de\/"},{"@type":"ListItem","position":2,"name":"Str\u00e4nde","item":"https:\/\/parosrentcar.com\/de\/paros-strande\/"},{"@type":"ListItem","position":3,"name":"Livadia"}]},{"@type":"WebSite","@id":"https:\/\/parosrentcar.com\/de\/#website","url":"https:\/\/parosrentcar.com\/de\/","name":"\u039cietwagen in Paros Griechenland | Autovermietung in Paros Griechenland","description":"\u039cietwagen in Paros Griechenland","potentialAction":[{"@type":"SearchAction","target":{"@type":"EntryPoint","urlTemplate":"https:\/\/parosrentcar.com\/de\/?s={search_term_string}"},"query-input":{"@type":"PropertyValueSpecification","valueRequired":true,"valueName":"search_term_string"}}],"inLanguage":"de"}]}},"_links":{"self":[{"href":"https:\/\/parosrentcar.com\/de\/wp-json\/wp\/v2\/pages\/1028","targetHints":{"allow":["GET"]}}],"collection":[{"href":"https:\/\/parosrentcar.com\/de\/wp-json\/wp\/v2\/pages"}],"about":[{"href":"https:\/\/parosrentcar.com\/de\/wp-json\/wp\/v2\/types\/page"}],"author":[{"embeddable":true,"href":"https:\/\/parosrentcar.com\/de\/wp-json\/wp\/v2\/users\/1"}],"replies":[{"embeddable":true,"href":"https:\/\/parosrentcar.com\/de\/wp-json\/wp\/v2\/comments?post=1028"}],"version-history":[{"count":3,"href":"https:\/\/parosrentcar.com\/de\/wp-json\/wp\/v2\/pages\/1028\/revisions"}],"predecessor-version":[{"id":1998,"href":"https:\/\/parosrentcar.com\/de\/wp-json\/wp\/v2\/pages\/1028\/revisions\/1998"}],"up":[{"embeddable":true,"href":"https:\/\/parosrentcar.com\/de\/wp-json\/wp\/v2\/pages\/1026"}],"wp:attachment":[{"href":"https:\/\/parosrentcar.com\/de\/wp-json\/wp\/v2\/media?parent=1028"}],"curies":[{"name":"wp","href":"https:\/\/api.w.org\/{rel}","templated":true}]}}