{"id":1022,"date":"2014-11-24T09:10:47","date_gmt":"2014-11-24T09:10:47","guid":{"rendered":"http:\/\/parosrentcar.com\/el\/?page_id=1022"},"modified":"2015-02-28T08:26:14","modified_gmt":"2015-02-28T08:26:14","slug":"fragische-burg","status":"publish","type":"page","link":"https:\/\/parosrentcar.com\/de\/paros-sehenswurdigkeiten\/fragische-burg\/","title":{"rendered":"Fragische Burg"},"content":{"rendered":"<p>W\u00e4hrend der vierten Kreuzung, die Kreuzritter blieben\u00a0 erstaunt \u00fcber die mousoulmanischen und <strong>byzantischen Burgen<\/strong>, die Sie erobert haben. Nachdem sie sich in den eroberten\u00a0 Gegenden niedergelassen haben, bauten sie oft neue Burgen, die als Grenzstationen, Verwaltungszentren, sicheren \u00a0Zuflucht und Milit\u00e4rstutzpunkt\u00a0 benutzt werden. F\u00fcr Ihren Bau haben Sie Orte gew\u00e4hlt, die Schutz vor Invasoren oder Gegner und in vielen F\u00e4llen integrieren sie Merkmale der <strong>einheimischen Architektur<\/strong>.<\/p>\n<p>Als die Dynastie von Sanoudos nach Paros kam, der venezianische Herzog \u00a0von Naxos Markos Sanoudos hat sich entschieden, die Burg von Parikia \u00a0mit Marmor aus den antiken griechischen Kirchen zu bauen. Innerhalb der <strong>Fragischen Burg<\/strong> steht die Christliche \u00a0Orthodoxe Kirche\u00a0 Agios Konstantinos. Diese Burg ist das wichtigste nach der byzantischen Zeit\u00a0 Monument auf Kykladen. Ganz sp\u00e4ter haben die Venezianen die Burg von Naoussa und die Burg von Kefalos gebaut, die auf dem H\u00fcgel Agios Antonios in der N\u00e4he des Dorfes Marpissa liegt.<\/p>\n","protected":false},"excerpt":{"rendered":"<p>W\u00e4hrend der vierten Kreuzung, die Kreuzritter blieben\u00a0 erstaunt \u00fcber die mousoulmanischen und byzantischen Burgen, die Sie erobert haben. Nachdem sie sich in den eroberten\u00a0 Gegenden niedergelassen haben, bauten sie oft neue Burgen, die als Grenzstationen, Verwaltungszentren, sicheren \u00a0Zuflucht und Milit\u00e4rstutzpunkt\u00a0 benutzt werden. F\u00fcr Ihren Bau haben Sie Orte gew\u00e4hlt, die Schutz vor Invasoren oder Gegner und in vielen F\u00e4llen integrieren sie Merkmale der einheimischen Architektur. Als die Dynastie von Sanoudos nach Paros kam, der venezianische Herzog \u00a0von Naxos Markos Sanoudos hat sich entschieden, die Burg von Parikia \u00a0mit Marmor aus den antiken griechischen Kirchen zu bauen. Innerhalb der Fragischen Burg steht die Christliche \u00a0Orthodoxe Kirche\u00a0 Agios Konstantinos. Diese Burg ist [&hellip;]<\/p>\n","protected":false},"author":1,"featured_media":0,"parent":1015,"menu_order":0,"comment_status":"closed","ping_status":"closed","template":"page-templates\/attraction.php","meta":{"footnotes":""},"class_list":["post-1022","page","type-page","status-publish","hentry"],"yoast_head":"<!-- This site is optimized with the Yoast SEO plugin v27.1.1 - https:\/\/yoast.com\/product\/yoast-seo-wordpress\/ -->\n<title>Fragische Burg- ParosEuropeanRent \u2013 Paros Mietwagen Griechenland<\/title>\n<meta name=\"description\" content=\"Fragische Burg-Mieten Sie ein Auto, Buggy, Roller, Motorrad, quad, atv und entdecken Sie die Sehensw\u00fcrdigkeiten und die Str\u00e4nde von Paros.\" \/>\n<meta name=\"robots\" content=\"index, follow, max-snippet:-1, max-image-preview:large, max-video-preview:-1\" \/>\n<link rel=\"canonical\" href=\"https:\/\/parosrentcar.com\/de\/paros-sehenswurdigkeiten\/fragische-burg\/\" \/>\n<meta property=\"og:locale\" content=\"de_DE\" \/>\n<meta property=\"og:type\" content=\"article\" \/>\n<meta property=\"og:title\" content=\"Fragische Burg- ParosEuropeanRent \u2013 Paros Mietwagen Griechenland\" \/>\n<meta property=\"og:description\" content=\"Fragische Burg-Mieten Sie ein Auto, Buggy, Roller, Motorrad, quad, atv und entdecken Sie die Sehensw\u00fcrdigkeiten und die Str\u00e4nde von Paros.\" \/>\n<meta property=\"og:url\" content=\"https:\/\/parosrentcar.com\/de\/paros-sehenswurdigkeiten\/fragische-burg\/\" \/>\n<meta property=\"og:site_name\" content=\"\u039cietwagen in Paros Griechenland | Autovermietung in Paros Griechenland\" \/>\n<meta property=\"article:publisher\" content=\"https:\/\/www.facebook.com\/paroscarrental\" \/>\n<meta property=\"article:modified_time\" content=\"2015-02-28T08:26:14+00:00\" \/>\n<meta name=\"twitter:card\" content=\"summary_large_image\" \/>\n<meta name=\"twitter:site\" content=\"@parosrentcar\" \/>\n<meta name=\"twitter:label1\" content=\"Gesch\u00e4tzte Lesezeit\" \/>\n\t<meta name=\"twitter:data1\" content=\"1\u00a0Minute\" \/>\n<script type=\"application\/ld+json\" class=\"yoast-schema-graph\">{\"@context\":\"https:\/\/schema.org\",\"@graph\":[{\"@type\":\"WebPage\",\"@id\":\"https:\/\/parosrentcar.com\/de\/paros-sehenswurdigkeiten\/fragische-burg\/\",\"url\":\"https:\/\/parosrentcar.com\/de\/paros-sehenswurdigkeiten\/fragische-burg\/\",\"name\":\"Fragische Burg- ParosEuropeanRent \u2013 Paros Mietwagen Griechenland\",\"isPartOf\":{\"@id\":\"https:\/\/parosrentcar.com\/de\/#website\"},\"datePublished\":\"2014-11-24T09:10:47+00:00\",\"dateModified\":\"2015-02-28T08:26:14+00:00\",\"description\":\"Fragische Burg-Mieten Sie ein Auto, Buggy, Roller, Motorrad, quad, atv und entdecken Sie die Sehensw\u00fcrdigkeiten und die Str\u00e4nde von Paros.\",\"breadcrumb\":{\"@id\":\"https:\/\/parosrentcar.com\/de\/paros-sehenswurdigkeiten\/fragische-burg\/#breadcrumb\"},\"inLanguage\":\"de\",\"potentialAction\":[{\"@type\":\"ReadAction\",\"target\":[\"https:\/\/parosrentcar.com\/de\/paros-sehenswurdigkeiten\/fragische-burg\/\"]}]},{\"@type\":\"BreadcrumbList\",\"@id\":\"https:\/\/parosrentcar.com\/de\/paros-sehenswurdigkeiten\/fragische-burg\/#breadcrumb\",\"itemListElement\":[{\"@type\":\"ListItem\",\"position\":1,\"name\":\"Home\",\"item\":\"https:\/\/parosrentcar.com\/de\/\"},{\"@type\":\"ListItem\",\"position\":2,\"name\":\"Sehensw\u00fcrdigkeiten\",\"item\":\"https:\/\/parosrentcar.com\/de\/paros-sehenswurdigkeiten\/\"},{\"@type\":\"ListItem\",\"position\":3,\"name\":\"Fragische Burg\"}]},{\"@type\":\"WebSite\",\"@id\":\"https:\/\/parosrentcar.com\/de\/#website\",\"url\":\"https:\/\/parosrentcar.com\/de\/\",\"name\":\"\u039cietwagen in Paros Griechenland | Autovermietung in Paros Griechenland\",\"description\":\"\u039cietwagen in Paros Griechenland\",\"potentialAction\":[{\"@type\":\"SearchAction\",\"target\":{\"@type\":\"EntryPoint\",\"urlTemplate\":\"https:\/\/parosrentcar.com\/de\/?s={search_term_string}\"},\"query-input\":{\"@type\":\"PropertyValueSpecification\",\"valueRequired\":true,\"valueName\":\"search_term_string\"}}],\"inLanguage\":\"de\"}]}<\/script>\n<!-- \/ Yoast SEO plugin. -->","yoast_head_json":{"title":"Fragische Burg- ParosEuropeanRent \u2013 Paros Mietwagen Griechenland","description":"Fragische Burg-Mieten Sie ein Auto, Buggy, Roller, Motorrad, quad, atv und entdecken Sie die Sehensw\u00fcrdigkeiten und die Str\u00e4nde von Paros.","robots":{"index":"index","follow":"follow","max-snippet":"max-snippet:-1","max-image-preview":"max-image-preview:large","max-video-preview":"max-video-preview:-1"},"canonical":"https:\/\/parosrentcar.com\/de\/paros-sehenswurdigkeiten\/fragische-burg\/","og_locale":"de_DE","og_type":"article","og_title":"Fragische Burg- ParosEuropeanRent \u2013 Paros Mietwagen Griechenland","og_description":"Fragische Burg-Mieten Sie ein Auto, Buggy, Roller, Motorrad, quad, atv und entdecken Sie die Sehensw\u00fcrdigkeiten und die Str\u00e4nde von Paros.","og_url":"https:\/\/parosrentcar.com\/de\/paros-sehenswurdigkeiten\/fragische-burg\/","og_site_name":"\u039cietwagen in Paros Griechenland | Autovermietung in Paros Griechenland","article_publisher":"https:\/\/www.facebook.com\/paroscarrental","article_modified_time":"2015-02-28T08:26:14+00:00","twitter_card":"summary_large_image","twitter_site":"@parosrentcar","twitter_misc":{"Gesch\u00e4tzte Lesezeit":"1\u00a0Minute"},"schema":{"@context":"https:\/\/schema.org","@graph":[{"@type":"WebPage","@id":"https:\/\/parosrentcar.com\/de\/paros-sehenswurdigkeiten\/fragische-burg\/","url":"https:\/\/parosrentcar.com\/de\/paros-sehenswurdigkeiten\/fragische-burg\/","name":"Fragische Burg- ParosEuropeanRent \u2013 Paros Mietwagen Griechenland","isPartOf":{"@id":"https:\/\/parosrentcar.com\/de\/#website"},"datePublished":"2014-11-24T09:10:47+00:00","dateModified":"2015-02-28T08:26:14+00:00","description":"Fragische Burg-Mieten Sie ein Auto, Buggy, Roller, Motorrad, quad, atv und entdecken Sie die Sehensw\u00fcrdigkeiten und die Str\u00e4nde von Paros.","breadcrumb":{"@id":"https:\/\/parosrentcar.com\/de\/paros-sehenswurdigkeiten\/fragische-burg\/#breadcrumb"},"inLanguage":"de","potentialAction":[{"@type":"ReadAction","target":["https:\/\/parosrentcar.com\/de\/paros-sehenswurdigkeiten\/fragische-burg\/"]}]},{"@type":"BreadcrumbList","@id":"https:\/\/parosrentcar.com\/de\/paros-sehenswurdigkeiten\/fragische-burg\/#breadcrumb","itemListElement":[{"@type":"ListItem","position":1,"name":"Home","item":"https:\/\/parosrentcar.com\/de\/"},{"@type":"ListItem","position":2,"name":"Sehensw\u00fcrdigkeiten","item":"https:\/\/parosrentcar.com\/de\/paros-sehenswurdigkeiten\/"},{"@type":"ListItem","position":3,"name":"Fragische Burg"}]},{"@type":"WebSite","@id":"https:\/\/parosrentcar.com\/de\/#website","url":"https:\/\/parosrentcar.com\/de\/","name":"\u039cietwagen in Paros Griechenland | Autovermietung in Paros Griechenland","description":"\u039cietwagen in Paros Griechenland","potentialAction":[{"@type":"SearchAction","target":{"@type":"EntryPoint","urlTemplate":"https:\/\/parosrentcar.com\/de\/?s={search_term_string}"},"query-input":{"@type":"PropertyValueSpecification","valueRequired":true,"valueName":"search_term_string"}}],"inLanguage":"de"}]}},"_links":{"self":[{"href":"https:\/\/parosrentcar.com\/de\/wp-json\/wp\/v2\/pages\/1022","targetHints":{"allow":["GET"]}}],"collection":[{"href":"https:\/\/parosrentcar.com\/de\/wp-json\/wp\/v2\/pages"}],"about":[{"href":"https:\/\/parosrentcar.com\/de\/wp-json\/wp\/v2\/types\/page"}],"author":[{"embeddable":true,"href":"https:\/\/parosrentcar.com\/de\/wp-json\/wp\/v2\/users\/1"}],"replies":[{"embeddable":true,"href":"https:\/\/parosrentcar.com\/de\/wp-json\/wp\/v2\/comments?post=1022"}],"version-history":[{"count":1,"href":"https:\/\/parosrentcar.com\/de\/wp-json\/wp\/v2\/pages\/1022\/revisions"}],"predecessor-version":[{"id":2022,"href":"https:\/\/parosrentcar.com\/de\/wp-json\/wp\/v2\/pages\/1022\/revisions\/2022"}],"up":[{"embeddable":true,"href":"https:\/\/parosrentcar.com\/de\/wp-json\/wp\/v2\/pages\/1015"}],"wp:attachment":[{"href":"https:\/\/parosrentcar.com\/de\/wp-json\/wp\/v2\/media?parent=1022"}],"curies":[{"name":"wp","href":"https:\/\/api.w.org\/{rel}","templated":true}]}}