{"id":1017,"date":"2014-11-24T09:04:55","date_gmt":"2014-11-24T09:04:55","guid":{"rendered":"http:\/\/parosrentcar.com\/el\/?page_id=1017"},"modified":"2015-02-28T08:40:23","modified_gmt":"2015-02-28T08:40:23","slug":"panagia-ekatontapiliani","status":"publish","type":"page","link":"https:\/\/parosrentcar.com\/de\/paros-sehenswurdigkeiten\/panagia-ekatontapiliani\/","title":{"rendered":"Panagia Ekatontapiliani"},"content":{"rendered":"<p><strong>Panagia Ekatontapiliani<\/strong> ist der Schmuck von Paros und ist als die Kirche mit den 100 Toren bekannt. Sie ist eine historische byzantische \u00a0Kirche, die in der Stadt Parikia liegt.<\/p>\n<p>Der Geb\u00e4udekomplex enth\u00e4lt eine zentrale Kirche, die mit zwei kleineren Kirchen umgegeben wird, wie auch eine <strong>Taufkapelle <\/strong>in der \u00f6stlichen Seite mit einem seltenen kreuzf\u00f6rmigen Zeichensatz aus Marmor.<\/p>\n<p>Die Kirche stammt aus dem Jahr 326 nach Christus. Ihre \u00e4ltesten Merkmale zeigen, \u00a0dass sie vielleicht vor Christus dort stand, wie auch vor der Staatsreligion des R\u00f6mischen Reichs im Jahr 391 nach Christus. Die <strong>Kirche <\/strong>scheint, dass sie von der Mutter der R\u00f6mischen Kaiser Konstantinos der Gro\u00dfe ( er hat vom 306 -337 nach Christus regiert) Agia Eleni w\u00e4hrend ihrer Reise zur Anbetung nach \u00a0Jerusalem , wo sie angehalten hat, um eine Kapelle auf der Insel anzubeten.<\/p>\n<p>Die <strong>Ekatontapiliani <\/strong>ist bekannt f\u00fcr die dort stattgefunden Anbetungen, alle im Namen von Panagia. Sie das zweite gr\u00f6\u00dfte\u00a0 Ziel zum Anbeten in \u00c4g\u00e4is, nach dem ber\u00fchmten Panagia Megalochari in der n\u00e4chsten\u00a0 Insel Tinos. Innerhalb der hauptsachlichen Kirche k\u00f6nnen Sie die zwei \u00fcbrig geblieben S\u00e4ulen des Tempels von Artemis sehen, \u00a0auf denen Ekatontapiliani gebaut wurde.<\/p>\n<p>Source: <a title=\"Panagia Ekatontapiliani\" href=\"http:\/\/paroseasybooking.gr\/dt_portfolio\/panagia-ekatontapiliani\/\" target=\"_blank\">ParosEasyBooking.gr- Panagia Ekatontapiliani<\/a><\/p>\n","protected":false},"excerpt":{"rendered":"<p>Panagia Ekatontapiliani ist der Schmuck von Paros und ist als die Kirche mit den 100 Toren bekannt. Sie ist eine historische byzantische \u00a0Kirche, die in der Stadt Parikia liegt. Der Geb\u00e4udekomplex enth\u00e4lt eine zentrale Kirche, die mit zwei kleineren Kirchen umgegeben wird, wie auch eine Taufkapelle in der \u00f6stlichen Seite mit einem seltenen kreuzf\u00f6rmigen Zeichensatz aus Marmor. Die Kirche stammt aus dem Jahr 326 nach Christus. Ihre \u00e4ltesten Merkmale zeigen, \u00a0dass sie vielleicht vor Christus dort stand, wie auch vor der Staatsreligion des R\u00f6mischen Reichs im Jahr 391 nach Christus. Die Kirche scheint, dass sie von der Mutter der R\u00f6mischen Kaiser Konstantinos der Gro\u00dfe ( er hat vom 306 -337 [&hellip;]<\/p>\n","protected":false},"author":1,"featured_media":0,"parent":1015,"menu_order":0,"comment_status":"closed","ping_status":"closed","template":"page-templates\/attraction.php","meta":{"footnotes":""},"class_list":["post-1017","page","type-page","status-publish","hentry"],"yoast_head":"<!-- This site is optimized with the Yoast SEO plugin v27.1.1 - https:\/\/yoast.com\/product\/yoast-seo-wordpress\/ -->\n<title>Panagia Ekatontapiliani- ParosEuropeanRent \u2013 Paros Mietwagen Griechenland<\/title>\n<meta name=\"description\" content=\"Panagia Ekatontapiliani-Mieten Sie ein Auto, Buggy, Roller, Motorrad, quad, atv und entdecken Sie die Sehensw\u00fcrdigkeiten und die Str\u00e4nde von Paros.\" \/>\n<meta name=\"robots\" content=\"index, follow, max-snippet:-1, max-image-preview:large, max-video-preview:-1\" \/>\n<link rel=\"canonical\" href=\"https:\/\/parosrentcar.com\/de\/paros-sehenswurdigkeiten\/panagia-ekatontapiliani\/\" \/>\n<meta property=\"og:locale\" content=\"de_DE\" \/>\n<meta property=\"og:type\" content=\"article\" \/>\n<meta property=\"og:title\" content=\"Panagia Ekatontapiliani- ParosEuropeanRent \u2013 Paros Mietwagen Griechenland\" \/>\n<meta property=\"og:description\" content=\"Panagia Ekatontapiliani-Mieten Sie ein Auto, Buggy, Roller, Motorrad, quad, atv und entdecken Sie die Sehensw\u00fcrdigkeiten und die Str\u00e4nde von Paros.\" \/>\n<meta property=\"og:url\" content=\"https:\/\/parosrentcar.com\/de\/paros-sehenswurdigkeiten\/panagia-ekatontapiliani\/\" \/>\n<meta property=\"og:site_name\" content=\"\u039cietwagen in Paros Griechenland | Autovermietung in Paros Griechenland\" \/>\n<meta property=\"article:publisher\" content=\"https:\/\/www.facebook.com\/paroscarrental\" \/>\n<meta property=\"article:modified_time\" content=\"2015-02-28T08:40:23+00:00\" \/>\n<meta name=\"twitter:card\" content=\"summary_large_image\" \/>\n<meta name=\"twitter:site\" content=\"@parosrentcar\" \/>\n<meta name=\"twitter:label1\" content=\"Gesch\u00e4tzte Lesezeit\" \/>\n\t<meta name=\"twitter:data1\" content=\"1\u00a0Minute\" \/>\n<script type=\"application\/ld+json\" class=\"yoast-schema-graph\">{\"@context\":\"https:\/\/schema.org\",\"@graph\":[{\"@type\":\"WebPage\",\"@id\":\"https:\/\/parosrentcar.com\/de\/paros-sehenswurdigkeiten\/panagia-ekatontapiliani\/\",\"url\":\"https:\/\/parosrentcar.com\/de\/paros-sehenswurdigkeiten\/panagia-ekatontapiliani\/\",\"name\":\"Panagia Ekatontapiliani- ParosEuropeanRent \u2013 Paros Mietwagen Griechenland\",\"isPartOf\":{\"@id\":\"https:\/\/parosrentcar.com\/de\/#website\"},\"datePublished\":\"2014-11-24T09:04:55+00:00\",\"dateModified\":\"2015-02-28T08:40:23+00:00\",\"description\":\"Panagia Ekatontapiliani-Mieten Sie ein Auto, Buggy, Roller, Motorrad, quad, atv und entdecken Sie die Sehensw\u00fcrdigkeiten und die Str\u00e4nde von Paros.\",\"breadcrumb\":{\"@id\":\"https:\/\/parosrentcar.com\/de\/paros-sehenswurdigkeiten\/panagia-ekatontapiliani\/#breadcrumb\"},\"inLanguage\":\"de\",\"potentialAction\":[{\"@type\":\"ReadAction\",\"target\":[\"https:\/\/parosrentcar.com\/de\/paros-sehenswurdigkeiten\/panagia-ekatontapiliani\/\"]}]},{\"@type\":\"BreadcrumbList\",\"@id\":\"https:\/\/parosrentcar.com\/de\/paros-sehenswurdigkeiten\/panagia-ekatontapiliani\/#breadcrumb\",\"itemListElement\":[{\"@type\":\"ListItem\",\"position\":1,\"name\":\"Home\",\"item\":\"https:\/\/parosrentcar.com\/de\/\"},{\"@type\":\"ListItem\",\"position\":2,\"name\":\"Sehensw\u00fcrdigkeiten\",\"item\":\"https:\/\/parosrentcar.com\/de\/paros-sehenswurdigkeiten\/\"},{\"@type\":\"ListItem\",\"position\":3,\"name\":\"Panagia Ekatontapiliani\"}]},{\"@type\":\"WebSite\",\"@id\":\"https:\/\/parosrentcar.com\/de\/#website\",\"url\":\"https:\/\/parosrentcar.com\/de\/\",\"name\":\"\u039cietwagen in Paros Griechenland | Autovermietung in Paros Griechenland\",\"description\":\"\u039cietwagen in Paros Griechenland\",\"potentialAction\":[{\"@type\":\"SearchAction\",\"target\":{\"@type\":\"EntryPoint\",\"urlTemplate\":\"https:\/\/parosrentcar.com\/de\/?s={search_term_string}\"},\"query-input\":{\"@type\":\"PropertyValueSpecification\",\"valueRequired\":true,\"valueName\":\"search_term_string\"}}],\"inLanguage\":\"de\"}]}<\/script>\n<!-- \/ Yoast SEO plugin. -->","yoast_head_json":{"title":"Panagia Ekatontapiliani- ParosEuropeanRent \u2013 Paros Mietwagen Griechenland","description":"Panagia Ekatontapiliani-Mieten Sie ein Auto, Buggy, Roller, Motorrad, quad, atv und entdecken Sie die Sehensw\u00fcrdigkeiten und die Str\u00e4nde von Paros.","robots":{"index":"index","follow":"follow","max-snippet":"max-snippet:-1","max-image-preview":"max-image-preview:large","max-video-preview":"max-video-preview:-1"},"canonical":"https:\/\/parosrentcar.com\/de\/paros-sehenswurdigkeiten\/panagia-ekatontapiliani\/","og_locale":"de_DE","og_type":"article","og_title":"Panagia Ekatontapiliani- ParosEuropeanRent \u2013 Paros Mietwagen Griechenland","og_description":"Panagia Ekatontapiliani-Mieten Sie ein Auto, Buggy, Roller, Motorrad, quad, atv und entdecken Sie die Sehensw\u00fcrdigkeiten und die Str\u00e4nde von Paros.","og_url":"https:\/\/parosrentcar.com\/de\/paros-sehenswurdigkeiten\/panagia-ekatontapiliani\/","og_site_name":"\u039cietwagen in Paros Griechenland | Autovermietung in Paros Griechenland","article_publisher":"https:\/\/www.facebook.com\/paroscarrental","article_modified_time":"2015-02-28T08:40:23+00:00","twitter_card":"summary_large_image","twitter_site":"@parosrentcar","twitter_misc":{"Gesch\u00e4tzte Lesezeit":"1\u00a0Minute"},"schema":{"@context":"https:\/\/schema.org","@graph":[{"@type":"WebPage","@id":"https:\/\/parosrentcar.com\/de\/paros-sehenswurdigkeiten\/panagia-ekatontapiliani\/","url":"https:\/\/parosrentcar.com\/de\/paros-sehenswurdigkeiten\/panagia-ekatontapiliani\/","name":"Panagia Ekatontapiliani- ParosEuropeanRent \u2013 Paros Mietwagen Griechenland","isPartOf":{"@id":"https:\/\/parosrentcar.com\/de\/#website"},"datePublished":"2014-11-24T09:04:55+00:00","dateModified":"2015-02-28T08:40:23+00:00","description":"Panagia Ekatontapiliani-Mieten Sie ein Auto, Buggy, Roller, Motorrad, quad, atv und entdecken Sie die Sehensw\u00fcrdigkeiten und die Str\u00e4nde von Paros.","breadcrumb":{"@id":"https:\/\/parosrentcar.com\/de\/paros-sehenswurdigkeiten\/panagia-ekatontapiliani\/#breadcrumb"},"inLanguage":"de","potentialAction":[{"@type":"ReadAction","target":["https:\/\/parosrentcar.com\/de\/paros-sehenswurdigkeiten\/panagia-ekatontapiliani\/"]}]},{"@type":"BreadcrumbList","@id":"https:\/\/parosrentcar.com\/de\/paros-sehenswurdigkeiten\/panagia-ekatontapiliani\/#breadcrumb","itemListElement":[{"@type":"ListItem","position":1,"name":"Home","item":"https:\/\/parosrentcar.com\/de\/"},{"@type":"ListItem","position":2,"name":"Sehensw\u00fcrdigkeiten","item":"https:\/\/parosrentcar.com\/de\/paros-sehenswurdigkeiten\/"},{"@type":"ListItem","position":3,"name":"Panagia Ekatontapiliani"}]},{"@type":"WebSite","@id":"https:\/\/parosrentcar.com\/de\/#website","url":"https:\/\/parosrentcar.com\/de\/","name":"\u039cietwagen in Paros Griechenland | Autovermietung in Paros Griechenland","description":"\u039cietwagen in Paros Griechenland","potentialAction":[{"@type":"SearchAction","target":{"@type":"EntryPoint","urlTemplate":"https:\/\/parosrentcar.com\/de\/?s={search_term_string}"},"query-input":{"@type":"PropertyValueSpecification","valueRequired":true,"valueName":"search_term_string"}}],"inLanguage":"de"}]}},"_links":{"self":[{"href":"https:\/\/parosrentcar.com\/de\/wp-json\/wp\/v2\/pages\/1017","targetHints":{"allow":["GET"]}}],"collection":[{"href":"https:\/\/parosrentcar.com\/de\/wp-json\/wp\/v2\/pages"}],"about":[{"href":"https:\/\/parosrentcar.com\/de\/wp-json\/wp\/v2\/types\/page"}],"author":[{"embeddable":true,"href":"https:\/\/parosrentcar.com\/de\/wp-json\/wp\/v2\/users\/1"}],"replies":[{"embeddable":true,"href":"https:\/\/parosrentcar.com\/de\/wp-json\/wp\/v2\/comments?post=1017"}],"version-history":[{"count":2,"href":"https:\/\/parosrentcar.com\/de\/wp-json\/wp\/v2\/pages\/1017\/revisions"}],"predecessor-version":[{"id":2027,"href":"https:\/\/parosrentcar.com\/de\/wp-json\/wp\/v2\/pages\/1017\/revisions\/2027"}],"up":[{"embeddable":true,"href":"https:\/\/parosrentcar.com\/de\/wp-json\/wp\/v2\/pages\/1015"}],"wp:attachment":[{"href":"https:\/\/parosrentcar.com\/de\/wp-json\/wp\/v2\/media?parent=1017"}],"curies":[{"name":"wp","href":"https:\/\/api.w.org\/{rel}","templated":true}]}}